{"id":574,"date":"2023-11-17T17:53:23","date_gmt":"2023-11-17T16:53:23","guid":{"rendered":"https:\/\/deiraband.com\/?page_id=574"},"modified":"2023-12-01T07:35:27","modified_gmt":"2023-12-01T06:35:27","slug":"tienda","status":"publish","type":"page","link":"https:\/\/deiraband.com\/en\/tienda\/","title":{"rendered":"SHOP"},"content":{"rendered":"<div data-elementor-type=\"wp-page\" data-elementor-id=\"574\" class=\"elementor elementor-574\">\n\t\t\t\t\t\t\t\t\t<section class=\"elementor-section elementor-top-section elementor-element elementor-element-4d1baec elementor-section-boxed elementor-section-height-default elementor-section-height-default\" data-id=\"4d1baec\" data-element_type=\"section\">\n\t\t\t\t\t\t<div class=\"elementor-container elementor-column-gap-default\">\n\t\t\t\t\t<div class=\"aux-parallax-section elementor-column elementor-col-100 elementor-top-column elementor-element elementor-element-f35f57d\" data-id=\"f35f57d\" data-element_type=\"column\">\n\t\t\t<div class=\"elementor-widget-wrap elementor-element-populated\">\n\t\t\t\t\t\t\t\t<div class=\"elementor-element elementor-element-f31abe6 elementor-widget elementor-widget-heading\" data-id=\"f31abe6\" data-element_type=\"widget\" data-widget_type=\"heading.default\">\n\t\t\t\t<div class=\"elementor-widget-container\">\n\t\t\t<h2 class=\"elementor-heading-title elementor-size-default\">SHOP<\/h2>\t\t<\/div>\n\t\t\t\t<\/div>\n\t\t\t\t\t<\/div>\n\t\t<\/div>\n\t\t\t\t\t\t\t<\/div>\n\t\t<\/section>\n\t\t\t\t<section class=\"elementor-section elementor-top-section elementor-element elementor-element-9893238 elementor-section-boxed elementor-section-height-default elementor-section-height-default\" data-id=\"9893238\" data-element_type=\"section\">\n\t\t\t\t\t\t<div class=\"elementor-container elementor-column-gap-default\">\n\t\t\t\t\t<div class=\"aux-parallax-section elementor-column elementor-col-33 elementor-top-column elementor-element elementor-element-ce54dc3\" data-id=\"ce54dc3\" data-element_type=\"column\">\n\t\t\t<div class=\"elementor-widget-wrap elementor-element-populated\">\n\t\t\t\t\t\t\t\t<div class=\"elementor-element elementor-element-662dcc1 elementor-widget elementor-widget-heading\" data-id=\"662dcc1\" data-element_type=\"widget\" data-widget_type=\"heading.default\">\n\t\t\t\t<div class=\"elementor-widget-container\">\n\t\t\t<h2 class=\"elementor-heading-title elementor-size-default\">PHYSICAL Album<\/h2>\t\t<\/div>\n\t\t\t\t<\/div>\n\t\t\t\t<div class=\"elementor-element elementor-element-64de917 elementor-widget elementor-widget-image\" data-id=\"64de917\" data-element_type=\"widget\" data-widget_type=\"image.default\">\n\t\t\t\t<div class=\"elementor-widget-container\">\n\t\t\t\t\t\t\t\t\t\t\t\t\t\t\t\t<a href=\"https:\/\/deiraband.bandcamp.com\/album\/alba\">\n\t\t\t\t\t\t\t<img loading=\"lazy\" decoding=\"async\" width=\"1024\" height=\"1024\" src=\"https:\/\/deiraband.com\/wp-content\/uploads\/2023\/11\/alba-cover-1024x1024.jpeg\" class=\"attachment-large size-large wp-image-577\" alt=\"\" srcset=\"https:\/\/deiraband.com\/wp-content\/uploads\/2023\/11\/alba-cover-1024x1024.jpeg 1024w, https:\/\/deiraband.com\/wp-content\/uploads\/2023\/11\/alba-cover-300x300.jpeg 300w, https:\/\/deiraband.com\/wp-content\/uploads\/2023\/11\/alba-cover-150x150.jpeg 150w, https:\/\/deiraband.com\/wp-content\/uploads\/2023\/11\/alba-cover-768x768.jpeg 768w\" sizes=\"auto, (max-width: 1024px) 100vw, 1024px\" \/>\t\t\t\t\t\t\t\t<\/a>\n\t\t\t\t\t\t\t\t\t\t\t\t\t\t\t<\/div>\n\t\t\t\t<\/div>\n\t\t\t\t\t<\/div>\n\t\t<\/div>\n\t\t\t\t<div class=\"aux-parallax-section elementor-column elementor-col-33 elementor-top-column elementor-element elementor-element-af2c4fb\" data-id=\"af2c4fb\" data-element_type=\"column\">\n\t\t\t<div class=\"elementor-widget-wrap elementor-element-populated\">\n\t\t\t\t\t\t\t\t<div class=\"elementor-element elementor-element-df14f38 elementor-widget elementor-widget-heading\" data-id=\"df14f38\" data-element_type=\"widget\" data-widget_type=\"heading.default\">\n\t\t\t\t<div class=\"elementor-widget-container\">\n\t\t\t<h2 class=\"elementor-heading-title elementor-size-default\">Digital Album<\/h2>\t\t<\/div>\n\t\t\t\t<\/div>\n\t\t\t\t<div class=\"elementor-element elementor-element-e562bf7 elementor-widget elementor-widget-image\" data-id=\"e562bf7\" data-element_type=\"widget\" data-widget_type=\"image.default\">\n\t\t\t\t<div class=\"elementor-widget-container\">\n\t\t\t\t\t\t\t\t\t\t\t\t\t\t\t\t<a href=\"https:\/\/deiraband.bandcamp.com\/album\/alba\">\n\t\t\t\t\t\t\t<img loading=\"lazy\" decoding=\"async\" width=\"775\" height=\"775\" src=\"https:\/\/deiraband.com\/wp-content\/uploads\/2023\/11\/portada-album-deiraband.jpg\" class=\"attachment-large size-large wp-image-123\" alt=\"\" srcset=\"https:\/\/deiraband.com\/wp-content\/uploads\/2023\/11\/portada-album-deiraband.jpg 775w, https:\/\/deiraband.com\/wp-content\/uploads\/2023\/11\/portada-album-deiraband-300x300.jpg 300w, https:\/\/deiraband.com\/wp-content\/uploads\/2023\/11\/portada-album-deiraband-150x150.jpg 150w, https:\/\/deiraband.com\/wp-content\/uploads\/2023\/11\/portada-album-deiraband-768x768.jpg 768w, https:\/\/deiraband.com\/wp-content\/uploads\/2023\/11\/portada-album-deiraband-200x200.jpg 200w\" sizes=\"auto, (max-width: 775px) 100vw, 775px\" \/>\t\t\t\t\t\t\t\t<\/a>\n\t\t\t\t\t\t\t\t\t\t\t\t\t\t\t<\/div>\n\t\t\t\t<\/div>\n\t\t\t\t\t<\/div>\n\t\t<\/div>\n\t\t\t\t<div class=\"aux-parallax-section elementor-column elementor-col-33 elementor-top-column elementor-element elementor-element-699ab95\" data-id=\"699ab95\" data-element_type=\"column\">\n\t\t\t<div class=\"elementor-widget-wrap elementor-element-populated\">\n\t\t\t\t\t\t\t\t<div class=\"elementor-element elementor-element-f272ba8 elementor-widget elementor-widget-heading\" data-id=\"f272ba8\" data-element_type=\"widget\" data-widget_type=\"heading.default\">\n\t\t\t\t<div class=\"elementor-widget-container\">\n\t\t\t<h2 class=\"elementor-heading-title elementor-size-default\">Blue T-shirt<\/h2>\t\t<\/div>\n\t\t\t\t<\/div>\n\t\t\t\t<div class=\"elementor-element elementor-element-6036018 elementor-widget elementor-widget-image\" data-id=\"6036018\" data-element_type=\"widget\" data-widget_type=\"image.default\">\n\t\t\t\t<div class=\"elementor-widget-container\">\n\t\t\t\t\t\t\t\t\t\t\t\t\t\t\t\t<a href=\"https:\/\/deiraband.bandcamp.com\/merch\/albas-t-shirt\">\n\t\t\t\t\t\t\t<img loading=\"lazy\" decoding=\"async\" width=\"1024\" height=\"1024\" src=\"https:\/\/deiraband.com\/wp-content\/uploads\/2023\/11\/camiseta-deira-22-1024x1024.png\" class=\"attachment-large size-large wp-image-583\" alt=\"\" srcset=\"https:\/\/deiraband.com\/wp-content\/uploads\/2023\/11\/camiseta-deira-22-1024x1024.png 1024w, https:\/\/deiraband.com\/wp-content\/uploads\/2023\/11\/camiseta-deira-22-300x300.png 300w, https:\/\/deiraband.com\/wp-content\/uploads\/2023\/11\/camiseta-deira-22-150x150.png 150w, https:\/\/deiraband.com\/wp-content\/uploads\/2023\/11\/camiseta-deira-22-768x768.png 768w\" sizes=\"auto, (max-width: 1024px) 100vw, 1024px\" \/>\t\t\t\t\t\t\t\t<\/a>\n\t\t\t\t\t\t\t\t\t\t\t\t\t\t\t<\/div>\n\t\t\t\t<\/div>\n\t\t\t\t\t<\/div>\n\t\t<\/div>\n\t\t\t\t\t\t\t<\/div>\n\t\t<\/section>\n\t\t\t\t\t\t\t<\/div>","protected":false},"excerpt":{"rendered":"<p>Tienda Album F\u00cdSICO Album Digital Camiseta AZUL<\/p>","protected":false},"author":2,"featured_media":0,"parent":0,"menu_order":0,"comment_status":"closed","ping_status":"closed","template":"","meta":{"footnotes":""},"class_list":["post-574","page","type-page","status-publish","hentry"],"yoast_head":"<!-- This site is optimized with the Yoast SEO plugin v21.6 - https:\/\/yoast.com\/wordpress\/plugins\/seo\/ -->\n<title>Tienda | DEIRABAND<\/title>\n<meta name=\"description\" content=\"Compra art\u00edculos en la tienda de DEIRABAND, desde camisetas, albumes digitales y f\u00edsicos. Productos oficiales DEIRABAND.\" \/>\n<meta name=\"robots\" content=\"index, follow, max-snippet:-1, max-image-preview:large, max-video-preview:-1\" \/>\n<link rel=\"canonical\" href=\"https:\/\/deiraband.com\/en\/tienda\/\" \/>\n<meta property=\"og:locale\" content=\"en_GB\" \/>\n<meta property=\"og:type\" content=\"article\" \/>\n<meta property=\"og:title\" content=\"Tienda | DEIRABAND\" \/>\n<meta property=\"og:description\" content=\"Compra art\u00edculos en la tienda de DEIRABAND, desde camisetas, albumes digitales y f\u00edsicos. Productos oficiales DEIRABAND.\" \/>\n<meta property=\"og:url\" content=\"https:\/\/deiraband.com\/en\/tienda\/\" \/>\n<meta property=\"article:publisher\" content=\"https:\/\/www.facebook.com\/deiraband\/\" \/>\n<meta property=\"article:modified_time\" content=\"2023-12-01T06:35:27+00:00\" \/>\n<meta property=\"og:image\" content=\"https:\/\/deiraband.com\/wp-content\/uploads\/2023\/11\/alba-cover-1024x1024.jpeg\" \/>\n<meta name=\"twitter:card\" content=\"summary_large_image\" \/>\n<meta name=\"twitter:label1\" content=\"Estimated reading time\" \/>\n\t<meta name=\"twitter:data1\" content=\"1 minute\" \/>\n<script type=\"application\/ld+json\" class=\"yoast-schema-graph\">{\"@context\":\"https:\/\/schema.org\",\"@graph\":[{\"@type\":\"WebPage\",\"@id\":\"https:\/\/deiraband.com\/tienda\/\",\"url\":\"https:\/\/deiraband.com\/tienda\/\",\"name\":\"Tienda | DEIRABAND\",\"isPartOf\":{\"@id\":\"https:\/\/deiraband.com\/#website\"},\"datePublished\":\"2023-11-17T16:53:23+00:00\",\"dateModified\":\"2023-12-01T06:35:27+00:00\",\"description\":\"Compra art\u00edculos en la tienda de DEIRABAND, desde camisetas, albumes digitales y f\u00edsicos. Productos oficiales DEIRABAND.\",\"breadcrumb\":{\"@id\":\"https:\/\/deiraband.com\/tienda\/#breadcrumb\"},\"inLanguage\":\"en-GB\",\"potentialAction\":[{\"@type\":\"ReadAction\",\"target\":[\"https:\/\/deiraband.com\/tienda\/\"]}]},{\"@type\":\"BreadcrumbList\",\"@id\":\"https:\/\/deiraband.com\/tienda\/#breadcrumb\",\"itemListElement\":[{\"@type\":\"ListItem\",\"position\":1,\"name\":\"Portada\",\"item\":\"https:\/\/deiraband.com\/\"},{\"@type\":\"ListItem\",\"position\":2,\"name\":\"Tienda\"}]},{\"@type\":\"WebSite\",\"@id\":\"https:\/\/deiraband.com\/#website\",\"url\":\"https:\/\/deiraband.com\/\",\"name\":\"deiraband\",\"description\":\"El tr\u00edo formado por m\u00fasicos de Asturias y Andaluc\u00eda inicia su andadura en 2019\",\"publisher\":{\"@id\":\"https:\/\/deiraband.com\/#organization\"},\"alternateName\":\"deira\",\"potentialAction\":[{\"@type\":\"SearchAction\",\"target\":{\"@type\":\"EntryPoint\",\"urlTemplate\":\"https:\/\/deiraband.com\/?s={search_term_string}\"},\"query-input\":\"required name=search_term_string\"}],\"inLanguage\":\"en-GB\"},{\"@type\":\"Organization\",\"@id\":\"https:\/\/deiraband.com\/#organization\",\"name\":\"Deira\",\"url\":\"https:\/\/deiraband.com\/\",\"logo\":{\"@type\":\"ImageObject\",\"inLanguage\":\"en-GB\",\"@id\":\"https:\/\/deiraband.com\/#\/schema\/logo\/image\/\",\"url\":\"https:\/\/deiraband.com\/wp-content\/uploads\/2023\/11\/cropped-favicon-deiraband.jpg\",\"contentUrl\":\"https:\/\/deiraband.com\/wp-content\/uploads\/2023\/11\/cropped-favicon-deiraband.jpg\",\"width\":512,\"height\":512,\"caption\":\"Deira\"},\"image\":{\"@id\":\"https:\/\/deiraband.com\/#\/schema\/logo\/image\/\"},\"sameAs\":[\"https:\/\/www.facebook.com\/deiraband\/\",\"https:\/\/www.instagram.com\/deiraband\/\"]}]}<\/script>\n<!-- \/ Yoast SEO plugin. -->","yoast_head_json":{"title":"Tienda | DEIRABAND","description":"Compra art\u00edculos en la tienda de DEIRABAND, desde camisetas, albumes digitales y f\u00edsicos. Productos oficiales DEIRABAND.","robots":{"index":"index","follow":"follow","max-snippet":"max-snippet:-1","max-image-preview":"max-image-preview:large","max-video-preview":"max-video-preview:-1"},"canonical":"https:\/\/deiraband.com\/en\/tienda\/","og_locale":"en_GB","og_type":"article","og_title":"Tienda | DEIRABAND","og_description":"Compra art\u00edculos en la tienda de DEIRABAND, desde camisetas, albumes digitales y f\u00edsicos. Productos oficiales DEIRABAND.","og_url":"https:\/\/deiraband.com\/en\/tienda\/","article_publisher":"https:\/\/www.facebook.com\/deiraband\/","article_modified_time":"2023-12-01T06:35:27+00:00","og_image":[{"url":"https:\/\/deiraband.com\/wp-content\/uploads\/2023\/11\/alba-cover-1024x1024.jpeg"}],"twitter_card":"summary_large_image","twitter_misc":{"Estimated reading time":"1 minute"},"schema":{"@context":"https:\/\/schema.org","@graph":[{"@type":"WebPage","@id":"https:\/\/deiraband.com\/tienda\/","url":"https:\/\/deiraband.com\/tienda\/","name":"Tienda | DEIRABAND","isPartOf":{"@id":"https:\/\/deiraband.com\/#website"},"datePublished":"2023-11-17T16:53:23+00:00","dateModified":"2023-12-01T06:35:27+00:00","description":"Compra art\u00edculos en la tienda de DEIRABAND, desde camisetas, albumes digitales y f\u00edsicos. Productos oficiales DEIRABAND.","breadcrumb":{"@id":"https:\/\/deiraband.com\/tienda\/#breadcrumb"},"inLanguage":"en-GB","potentialAction":[{"@type":"ReadAction","target":["https:\/\/deiraband.com\/tienda\/"]}]},{"@type":"BreadcrumbList","@id":"https:\/\/deiraband.com\/tienda\/#breadcrumb","itemListElement":[{"@type":"ListItem","position":1,"name":"Portada","item":"https:\/\/deiraband.com\/"},{"@type":"ListItem","position":2,"name":"Tienda"}]},{"@type":"WebSite","@id":"https:\/\/deiraband.com\/#website","url":"https:\/\/deiraband.com\/","name":"deiraband","description":"El tr\u00edo formado por m\u00fasicos de Asturias y Andaluc\u00eda inicia su andadura en 2019","publisher":{"@id":"https:\/\/deiraband.com\/#organization"},"alternateName":"deira","potentialAction":[{"@type":"SearchAction","target":{"@type":"EntryPoint","urlTemplate":"https:\/\/deiraband.com\/?s={search_term_string}"},"query-input":"required name=search_term_string"}],"inLanguage":"en-GB"},{"@type":"Organization","@id":"https:\/\/deiraband.com\/#organization","name":"Deira","url":"https:\/\/deiraband.com\/","logo":{"@type":"ImageObject","inLanguage":"en-GB","@id":"https:\/\/deiraband.com\/#\/schema\/logo\/image\/","url":"https:\/\/deiraband.com\/wp-content\/uploads\/2023\/11\/cropped-favicon-deiraband.jpg","contentUrl":"https:\/\/deiraband.com\/wp-content\/uploads\/2023\/11\/cropped-favicon-deiraband.jpg","width":512,"height":512,"caption":"Deira"},"image":{"@id":"https:\/\/deiraband.com\/#\/schema\/logo\/image\/"},"sameAs":["https:\/\/www.facebook.com\/deiraband\/","https:\/\/www.instagram.com\/deiraband\/"]}]}},"_links":{"self":[{"href":"https:\/\/deiraband.com\/en\/wp-json\/wp\/v2\/pages\/574","targetHints":{"allow":["GET"]}}],"collection":[{"href":"https:\/\/deiraband.com\/en\/wp-json\/wp\/v2\/pages"}],"about":[{"href":"https:\/\/deiraband.com\/en\/wp-json\/wp\/v2\/types\/page"}],"author":[{"embeddable":true,"href":"https:\/\/deiraband.com\/en\/wp-json\/wp\/v2\/users\/2"}],"replies":[{"embeddable":true,"href":"https:\/\/deiraband.com\/en\/wp-json\/wp\/v2\/comments?post=574"}],"version-history":[{"count":55,"href":"https:\/\/deiraband.com\/en\/wp-json\/wp\/v2\/pages\/574\/revisions"}],"predecessor-version":[{"id":1027,"href":"https:\/\/deiraband.com\/en\/wp-json\/wp\/v2\/pages\/574\/revisions\/1027"}],"wp:attachment":[{"href":"https:\/\/deiraband.com\/en\/wp-json\/wp\/v2\/media?parent=574"}],"curies":[{"name":"wp","href":"https:\/\/api.w.org\/{rel}","templated":true}]}}