{"id":623,"date":"2023-11-17T18:31:45","date_gmt":"2023-11-17T17:31:45","guid":{"rendered":"https:\/\/deiraband.com\/?page_id=623"},"modified":"2023-12-01T07:34:04","modified_gmt":"2023-12-01T06:34:04","slug":"biografia","status":"publish","type":"page","link":"https:\/\/deiraband.com\/en\/biografia\/","title":{"rendered":"ABOUT"},"content":{"rendered":"<div data-elementor-type=\"wp-page\" data-elementor-id=\"623\" class=\"elementor elementor-623\">\n\t\t\t\t\t\t\t\t\t<section class=\"elementor-section elementor-top-section elementor-element elementor-element-773b627c elementor-section-boxed elementor-section-height-default elementor-section-height-default\" data-id=\"773b627c\" data-element_type=\"section\">\n\t\t\t\t\t\t<div class=\"elementor-container elementor-column-gap-no\">\n\t\t\t\t\t<div class=\"aux-parallax-section elementor-column elementor-col-100 elementor-top-column elementor-element elementor-element-4f64bcf1\" data-id=\"4f64bcf1\" data-element_type=\"column\">\n\t\t\t<div class=\"elementor-widget-wrap elementor-element-populated\">\n\t\t\t\t\t\t\t\t<div class=\"elementor-element elementor-element-4a3e5884 elementor-widget elementor-widget-heading\" data-id=\"4a3e5884\" data-element_type=\"widget\" data-widget_type=\"heading.default\">\n\t\t\t\t<div class=\"elementor-widget-container\">\n\t\t\t<h2 class=\"elementor-heading-title elementor-size-default\">ABOUT<\/h2>\t\t<\/div>\n\t\t\t\t<\/div>\n\t\t\t\t\t<\/div>\n\t\t<\/div>\n\t\t\t\t\t\t\t<\/div>\n\t\t<\/section>\n\t\t\t\t<section class=\"elementor-section elementor-top-section elementor-element elementor-element-4cce6df9 elementor-section-boxed elementor-section-height-default elementor-section-height-default\" data-id=\"4cce6df9\" data-element_type=\"section\">\n\t\t\t\t\t\t<div class=\"elementor-container elementor-column-gap-no\">\n\t\t\t\t\t<div class=\"aux-parallax-section elementor-column elementor-col-50 elementor-top-column elementor-element elementor-element-59e99e7d aux-appear-watch-animation aux-fade-in-up-1\" data-id=\"59e99e7d\" data-element_type=\"column\">\n\t\t\t<div class=\"elementor-widget-wrap elementor-element-populated\">\n\t\t\t\t\t\t\t\t<div class=\"elementor-element elementor-element-7d1a5b7a elementor-widget elementor-widget-aux_image\" data-id=\"7d1a5b7a\" data-element_type=\"widget\" data-widget_type=\"aux_image.default\">\n\t\t\t\t<div class=\"elementor-widget-container\">\n\t\t\t<section class=\"widget-container aux-widget-image aux-alignnone aux-parent-au08c97f76\">\n    <div class=\"aux-media-hint-frame\">\n        <div class=\"aux-media-image\" >\n        \n            \n\n            \n                        \n                <\/div>\n    <\/div>\n\n<\/section><!-- widget-container -->\t\t<\/div>\n\t\t\t\t<\/div>\n\t\t\t\t<div class=\"elementor-element elementor-element-3acd09c9 elementor-widget elementor-widget-image\" data-id=\"3acd09c9\" data-element_type=\"widget\" data-widget_type=\"image.default\">\n\t\t\t\t<div class=\"elementor-widget-container\">\n\t\t\t\t\t\t\t\t\t\t\t\t\t\t\t<img loading=\"lazy\" decoding=\"async\" width=\"775\" height=\"775\" src=\"https:\/\/deiraband.com\/wp-content\/uploads\/2023\/11\/portada-album-deiraband-4.jpg\" class=\"attachment-large size-large wp-image-164\" alt=\"\" srcset=\"https:\/\/deiraband.com\/wp-content\/uploads\/2023\/11\/portada-album-deiraband-4.jpg 775w, https:\/\/deiraband.com\/wp-content\/uploads\/2023\/11\/portada-album-deiraband-4-300x300.jpg 300w, https:\/\/deiraband.com\/wp-content\/uploads\/2023\/11\/portada-album-deiraband-4-150x150.jpg 150w, https:\/\/deiraband.com\/wp-content\/uploads\/2023\/11\/portada-album-deiraband-4-768x768.jpg 768w, https:\/\/deiraband.com\/wp-content\/uploads\/2023\/11\/portada-album-deiraband-4-200x200.jpg 200w\" sizes=\"auto, (max-width: 775px) 100vw, 775px\" \/>\t\t\t\t\t\t\t\t\t\t\t\t\t\t\t<\/div>\n\t\t\t\t<\/div>\n\t\t\t\t\t<\/div>\n\t\t<\/div>\n\t\t\t\t<div class=\"aux-parallax-section elementor-column elementor-col-50 elementor-top-column elementor-element elementor-element-6dba2eca aux-appear-watch-animation aux-fade-in-up-1\" data-id=\"6dba2eca\" data-element_type=\"column\">\n\t\t\t<div class=\"elementor-widget-wrap elementor-element-populated\">\n\t\t\t\t\t\t\t\t<div class=\"elementor-element elementor-element-7ae989ad elementor-widget__width-initial elementor-widget-mobile__width-initial elementor-widget elementor-widget-aux_modern_heading\" data-id=\"7ae989ad\" data-element_type=\"widget\" data-widget_type=\"aux_modern_heading.default\">\n\t\t\t\t<div class=\"elementor-widget-container\">\n\t\t\t<section class=\"aux-widget-modern-heading\">\n            <div class=\"aux-widget-inner\"><h2 class=\"aux-modern-heading-primary\">Deira<\/h2><div class=\"aux-modern-heading-description\"><p>The trio made up of musicians from Asturias and Andalusia began its journey in 2019 when they were requested as a resident group in the Asturian tent of the Lorient Interceltic Festival (French Brittany). <br \/>Its members, all of them trained in a conservatory but at the same time with extensive experience in the folk field in projects such as Vrienden, Stolen Notes or Young Forest, decide to launch during the pandemic a first demo recorded remotely in which they explore the connections of Asturian and Scottish music from a modern prism.<\/p><p>This leads them to be awarded in different international band competitions, culminating with first prize in The Battle of the folk Bands (2022), being the first non-Scottish group to win the award. <br \/>From then on they intensified their concert activity, having taken part in some of the most important folk festivals in Europe and being recognized by the specialized press as one of the groups with the most projection of the moment. In 2023 they release \u201cALBA\u201d, their first album, which is presented at the Royal Concert Hall in Glasgow during the prestigious Celtic Connections.<\/p><\/div><\/div>\n        <\/section>\t\t<\/div>\n\t\t\t\t<\/div>\n\t\t\t\t\t<\/div>\n\t\t<\/div>\n\t\t\t\t\t\t\t<\/div>\n\t\t<\/section>\n\t\t\t\t<section class=\"elementor-section elementor-top-section elementor-element elementor-element-9464998 elementor-section-boxed elementor-section-height-default elementor-section-height-default\" data-id=\"9464998\" data-element_type=\"section\">\n\t\t\t\t\t\t<div class=\"elementor-container elementor-column-gap-default\">\n\t\t\t\t\t<div class=\"aux-parallax-section elementor-column elementor-col-50 elementor-top-column elementor-element elementor-element-2fe38ef\" data-id=\"2fe38ef\" data-element_type=\"column\">\n\t\t\t<div class=\"elementor-widget-wrap elementor-element-populated\">\n\t\t\t\t\t\t\t\t<div class=\"elementor-element elementor-element-3b601f0 elementor-hidden-desktop elementor-hidden-tablet elementor-widget elementor-widget-image\" data-id=\"3b601f0\" data-element_type=\"widget\" data-widget_type=\"image.default\">\n\t\t\t\t<div class=\"elementor-widget-container\">\n\t\t\t\t\t\t\t\t\t\t\t\t\t\t\t<img loading=\"lazy\" decoding=\"async\" width=\"775\" height=\"775\" src=\"https:\/\/deiraband.com\/wp-content\/uploads\/2023\/11\/portada-album-deiraband-6.jpg\" class=\"attachment-large size-large wp-image-166\" alt=\"\" srcset=\"https:\/\/deiraband.com\/wp-content\/uploads\/2023\/11\/portada-album-deiraband-6.jpg 775w, https:\/\/deiraband.com\/wp-content\/uploads\/2023\/11\/portada-album-deiraband-6-300x300.jpg 300w, https:\/\/deiraband.com\/wp-content\/uploads\/2023\/11\/portada-album-deiraband-6-150x150.jpg 150w, https:\/\/deiraband.com\/wp-content\/uploads\/2023\/11\/portada-album-deiraband-6-768x768.jpg 768w, https:\/\/deiraband.com\/wp-content\/uploads\/2023\/11\/portada-album-deiraband-6-200x200.jpg 200w\" sizes=\"auto, (max-width: 775px) 100vw, 775px\" \/>\t\t\t\t\t\t\t\t\t\t\t\t\t\t\t<\/div>\n\t\t\t\t<\/div>\n\t\t\t\t<div class=\"elementor-element elementor-element-18b79d7 elementor-widget elementor-widget-heading\" data-id=\"18b79d7\" data-element_type=\"widget\" data-widget_type=\"heading.default\">\n\t\t\t\t<div class=\"elementor-widget-container\">\n\t\t\t<h2 class=\"elementor-heading-title elementor-size-default\">SALVADOR DAZA: FIDDLE<\/h2>\t\t<\/div>\n\t\t\t\t<\/div>\n\t\t\t\t<div class=\"elementor-element elementor-element-7eaae12 elementor-widget elementor-widget-text-editor\" data-id=\"7eaae12\" data-element_type=\"widget\" data-widget_type=\"text-editor.default\">\n\t\t\t\t<div class=\"elementor-widget-container\">\n\t\t\t\t\t\t\t<p><span style=\"font-weight: 400;\">Sevillian violinist, he began his viola studies at the age of 11. His passion for music led him to discover the folk violin and after discovering the folk sessions in Seville, he immersed himself in the traditional world, resulting in being part of the Andalusian band \u00bbStolen Notes\u00bb. He receives complementary training with renowned musicians such as Alasdair Fraser and Donal O'Connor. His concerns went further, and at the age of 24 he moved to Madrid where he immersed himself in another large-scale project, \u00bbYoung Forest\u00bb with whom he finished his career in 2023. Currently his main occupation is musical production, being a multi-instrumentalist studio musician. , participating in renowned projects such as different soundtracks for Disney films<\/span><\/p>\t\t\t\t\t\t<\/div>\n\t\t\t\t<\/div>\n\t\t\t\t\t<\/div>\n\t\t<\/div>\n\t\t\t\t<div class=\"aux-parallax-section elementor-column elementor-col-50 elementor-top-column elementor-element elementor-element-c99c2ec\" data-id=\"c99c2ec\" data-element_type=\"column\">\n\t\t\t<div class=\"elementor-widget-wrap elementor-element-populated\">\n\t\t\t\t\t\t\t\t<div class=\"elementor-element elementor-element-d2bc3d4 elementor-hidden-mobile elementor-widget elementor-widget-image\" data-id=\"d2bc3d4\" data-element_type=\"widget\" data-widget_type=\"image.default\">\n\t\t\t\t<div class=\"elementor-widget-container\">\n\t\t\t\t\t\t\t\t\t\t\t\t\t\t\t<img loading=\"lazy\" decoding=\"async\" width=\"775\" height=\"775\" src=\"https:\/\/deiraband.com\/wp-content\/uploads\/2023\/11\/portada-album-deiraband-6.jpg\" class=\"attachment-large size-large wp-image-166\" alt=\"\" srcset=\"https:\/\/deiraband.com\/wp-content\/uploads\/2023\/11\/portada-album-deiraband-6.jpg 775w, https:\/\/deiraband.com\/wp-content\/uploads\/2023\/11\/portada-album-deiraband-6-300x300.jpg 300w, https:\/\/deiraband.com\/wp-content\/uploads\/2023\/11\/portada-album-deiraband-6-150x150.jpg 150w, https:\/\/deiraband.com\/wp-content\/uploads\/2023\/11\/portada-album-deiraband-6-768x768.jpg 768w, https:\/\/deiraband.com\/wp-content\/uploads\/2023\/11\/portada-album-deiraband-6-200x200.jpg 200w\" sizes=\"auto, (max-width: 775px) 100vw, 775px\" \/>\t\t\t\t\t\t\t\t\t\t\t\t\t\t\t<\/div>\n\t\t\t\t<\/div>\n\t\t\t\t\t<\/div>\n\t\t<\/div>\n\t\t\t\t\t\t\t<\/div>\n\t\t<\/section>\n\t\t\t\t<section class=\"elementor-section elementor-top-section elementor-element elementor-element-21d3565 elementor-section-boxed elementor-section-height-default elementor-section-height-default\" data-id=\"21d3565\" data-element_type=\"section\">\n\t\t\t\t\t\t<div class=\"elementor-container elementor-column-gap-default\">\n\t\t\t\t\t<div class=\"aux-parallax-section elementor-column elementor-col-50 elementor-top-column elementor-element elementor-element-1c5d227\" data-id=\"1c5d227\" data-element_type=\"column\">\n\t\t\t<div class=\"elementor-widget-wrap elementor-element-populated\">\n\t\t\t\t\t\t\t\t<div class=\"elementor-element elementor-element-1b4e592 elementor-widget elementor-widget-image\" data-id=\"1b4e592\" data-element_type=\"widget\" data-widget_type=\"image.default\">\n\t\t\t\t<div class=\"elementor-widget-container\">\n\t\t\t\t\t\t\t\t\t\t\t\t\t\t\t<img loading=\"lazy\" decoding=\"async\" width=\"775\" height=\"775\" src=\"https:\/\/deiraband.com\/wp-content\/uploads\/2023\/11\/portada-album-deiraband-3.jpg\" class=\"attachment-large size-large wp-image-163\" alt=\"\" srcset=\"https:\/\/deiraband.com\/wp-content\/uploads\/2023\/11\/portada-album-deiraband-3.jpg 775w, https:\/\/deiraband.com\/wp-content\/uploads\/2023\/11\/portada-album-deiraband-3-300x300.jpg 300w, https:\/\/deiraband.com\/wp-content\/uploads\/2023\/11\/portada-album-deiraband-3-150x150.jpg 150w, https:\/\/deiraband.com\/wp-content\/uploads\/2023\/11\/portada-album-deiraband-3-768x768.jpg 768w, https:\/\/deiraband.com\/wp-content\/uploads\/2023\/11\/portada-album-deiraband-3-200x200.jpg 200w\" sizes=\"auto, (max-width: 775px) 100vw, 775px\" \/>\t\t\t\t\t\t\t\t\t\t\t\t\t\t\t<\/div>\n\t\t\t\t<\/div>\n\t\t\t\t\t<\/div>\n\t\t<\/div>\n\t\t\t\t<div class=\"aux-parallax-section elementor-column elementor-col-50 elementor-top-column elementor-element elementor-element-30e51df\" data-id=\"30e51df\" data-element_type=\"column\">\n\t\t\t<div class=\"elementor-widget-wrap elementor-element-populated\">\n\t\t\t\t\t\t\t\t<div class=\"elementor-element elementor-element-23ad6ee elementor-widget elementor-widget-heading\" data-id=\"23ad6ee\" data-element_type=\"widget\" data-widget_type=\"heading.default\">\n\t\t\t\t<div class=\"elementor-widget-container\">\n\t\t\t<h2 class=\"elementor-heading-title elementor-size-default\">JUAN ALMARAZ: IRISH FLUTE<\/h2>\t\t<\/div>\n\t\t\t\t<\/div>\n\t\t\t\t<div class=\"elementor-element elementor-element-cbc7386 elementor-widget elementor-widget-text-editor\" data-id=\"cbc7386\" data-element_type=\"widget\" data-widget_type=\"text-editor.default\">\n\t\t\t\t<div class=\"elementor-widget-container\">\n\t\t\t\t\t\t\t<p><span style=\"font-weight: 400;\">A flutist from C\u00e1diz, from a very young age he combines his classical training with his passion for folk music. After completing his flute studies at the Conservatory of C\u00f3rdoba and later at the Conservatory of Amsterdam, he specialized in Irish flute, an instrument on which he focused his Master's thesis. From 2009 to 2022 he was part of the folk-Celtic group Stolen Notes, with whom he published three albums and obtained various awards and recognitions. He has collaborated live or in the studio with multiple groups such as Celtas Cortos, Corqui\u00e9u or the Malaga Symphony Orchestra. He currently combines his musical projects with teaching at the Manuel de Falla Conservatory in C\u00e1diz as a professor of transverse flute.<\/span><\/p>\t\t\t\t\t\t<\/div>\n\t\t\t\t<\/div>\n\t\t\t\t\t<\/div>\n\t\t<\/div>\n\t\t\t\t\t\t\t<\/div>\n\t\t<\/section>\n\t\t\t\t<section class=\"elementor-section elementor-top-section elementor-element elementor-element-6bc579b elementor-section-boxed elementor-section-height-default elementor-section-height-default\" data-id=\"6bc579b\" data-element_type=\"section\">\n\t\t\t\t\t\t<div class=\"elementor-container elementor-column-gap-default\">\n\t\t\t\t\t<div class=\"aux-parallax-section elementor-column elementor-col-50 elementor-top-column elementor-element elementor-element-67fddb6\" data-id=\"67fddb6\" data-element_type=\"column\">\n\t\t\t<div class=\"elementor-widget-wrap elementor-element-populated\">\n\t\t\t\t\t\t\t\t<div class=\"elementor-element elementor-element-a670cf5 elementor-widget elementor-widget-heading\" data-id=\"a670cf5\" data-element_type=\"widget\" data-widget_type=\"heading.default\">\n\t\t\t\t<div class=\"elementor-widget-container\">\n\t\t\t<h2 class=\"elementor-heading-title elementor-size-default\">GONZALO LLAO: BOUZOUKI<\/h2>\t\t<\/div>\n\t\t\t\t<\/div>\n\t\t\t\t<div class=\"elementor-element elementor-element-857b21a elementor-widget elementor-widget-text-editor\" data-id=\"857b21a\" data-element_type=\"widget\" data-widget_type=\"text-editor.default\">\n\t\t\t\t<div class=\"elementor-widget-container\">\n\t\t\t\t\t\t\t<p><span style=\"font-weight: 400;\">Asturian bouzoukist and banjo player, from his beginnings along with his training in ancient music, he began to be interested in Asturian music and then in the traditional music of the Celtic nations. His dedication bore fruit to an eclectic, broad-minded musician who could play various instruments such as the flute, whistle, banjo or bouzouki. His professional folk career began with Vrienden, an Asturian folk-fusion group with whom he recorded his second album \u00bbUVE\u00bb. He is a specialist in early music, with a degree in Recorder from the Zaragoza Superior Conservatory. In addition to his artistic activity, he carries out intense pedagogical work with both flutes and string instruments.<\/span><\/p>\t\t\t\t\t\t<\/div>\n\t\t\t\t<\/div>\n\t\t\t\t\t<\/div>\n\t\t<\/div>\n\t\t\t\t<div class=\"aux-parallax-section elementor-column elementor-col-50 elementor-top-column elementor-element elementor-element-3812435\" data-id=\"3812435\" data-element_type=\"column\">\n\t\t\t<div class=\"elementor-widget-wrap elementor-element-populated\">\n\t\t\t\t\t\t\t\t<div class=\"elementor-element elementor-element-1f3ac6e elementor-widget elementor-widget-image\" data-id=\"1f3ac6e\" data-element_type=\"widget\" data-widget_type=\"image.default\">\n\t\t\t\t<div class=\"elementor-widget-container\">\n\t\t\t\t\t\t\t\t\t\t\t\t\t\t\t<img loading=\"lazy\" decoding=\"async\" width=\"775\" height=\"775\" src=\"https:\/\/deiraband.com\/wp-content\/uploads\/2023\/11\/portada-album-deiraband-5.jpg\" class=\"attachment-large size-large wp-image-165\" alt=\"\" srcset=\"https:\/\/deiraband.com\/wp-content\/uploads\/2023\/11\/portada-album-deiraband-5.jpg 775w, https:\/\/deiraband.com\/wp-content\/uploads\/2023\/11\/portada-album-deiraband-5-300x300.jpg 300w, https:\/\/deiraband.com\/wp-content\/uploads\/2023\/11\/portada-album-deiraband-5-150x150.jpg 150w, https:\/\/deiraband.com\/wp-content\/uploads\/2023\/11\/portada-album-deiraband-5-768x768.jpg 768w, https:\/\/deiraband.com\/wp-content\/uploads\/2023\/11\/portada-album-deiraband-5-200x200.jpg 200w\" sizes=\"auto, (max-width: 775px) 100vw, 775px\" \/>\t\t\t\t\t\t\t\t\t\t\t\t\t\t\t<\/div>\n\t\t\t\t<\/div>\n\t\t\t\t\t<\/div>\n\t\t<\/div>\n\t\t\t\t\t\t\t<\/div>\n\t\t<\/section>\n\t\t\t\t\t\t\t<\/div>","protected":false},"excerpt":{"rendered":"<p>Biograf\u00eda Deira El tr\u00edo formado por m\u00fasicos de Asturias y Andaluc\u00eda inicia su andadura en 2019 al ser requeridos como grupo residente en la carpa asturiana del Festival Interc\u00e9ltico de Lorient (Breta\u00f1a francesa). Sus miembros, todos ellos formados en conservatorio pero a su vez con una dilatada experiencia en el \u00e1mbito folk en proyectos como [&hellip;]<\/p>","protected":false},"author":2,"featured_media":0,"parent":0,"menu_order":0,"comment_status":"closed","ping_status":"closed","template":"","meta":{"footnotes":""},"class_list":["post-623","page","type-page","status-publish","hentry"],"yoast_head":"<!-- This site is optimized with the Yoast SEO plugin v21.6 - https:\/\/yoast.com\/wordpress\/plugins\/seo\/ -->\n<title>Biograf\u00eda | DEIRABAND<\/title>\n<meta name=\"description\" content=\"El tr\u00edo formado por m\u00fasicos de Asturias y Andaluc\u00eda inicia su andadura en 2019 al ser requeridos como grupo residente en la carpa asturiana del Festival Interc\u00e9ltico de Lorient (Breta\u00f1a francesa).\" \/>\n<meta name=\"robots\" content=\"index, follow, max-snippet:-1, max-image-preview:large, max-video-preview:-1\" \/>\n<link rel=\"canonical\" href=\"https:\/\/deiraband.com\/en\/biografia\/\" \/>\n<meta property=\"og:locale\" content=\"en_GB\" \/>\n<meta property=\"og:type\" content=\"article\" \/>\n<meta property=\"og:title\" content=\"Biograf\u00eda | DEIRABAND\" \/>\n<meta property=\"og:description\" content=\"El tr\u00edo formado por m\u00fasicos de Asturias y Andaluc\u00eda inicia su andadura en 2019 al ser requeridos como grupo residente en la carpa asturiana del Festival Interc\u00e9ltico de Lorient (Breta\u00f1a francesa).\" \/>\n<meta property=\"og:url\" content=\"https:\/\/deiraband.com\/en\/biografia\/\" \/>\n<meta property=\"article:publisher\" content=\"https:\/\/www.facebook.com\/deiraband\/\" \/>\n<meta property=\"article:modified_time\" content=\"2023-12-01T06:34:04+00:00\" \/>\n<meta property=\"og:image\" content=\"https:\/\/deiraband.com\/wp-content\/uploads\/2023\/11\/portada-album-deiraband-4.jpg\" \/>\n<meta name=\"twitter:card\" content=\"summary_large_image\" \/>\n<meta name=\"twitter:label1\" content=\"Estimated reading time\" \/>\n\t<meta name=\"twitter:data1\" content=\"4 minutes\" \/>\n<script type=\"application\/ld+json\" class=\"yoast-schema-graph\">{\"@context\":\"https:\/\/schema.org\",\"@graph\":[{\"@type\":\"WebPage\",\"@id\":\"https:\/\/deiraband.com\/biografia\/\",\"url\":\"https:\/\/deiraband.com\/biografia\/\",\"name\":\"Biograf\u00eda | DEIRABAND\",\"isPartOf\":{\"@id\":\"https:\/\/deiraband.com\/#website\"},\"datePublished\":\"2023-11-17T17:31:45+00:00\",\"dateModified\":\"2023-12-01T06:34:04+00:00\",\"description\":\"El tr\u00edo formado por m\u00fasicos de Asturias y Andaluc\u00eda inicia su andadura en 2019 al ser requeridos como grupo residente en la carpa asturiana del Festival Interc\u00e9ltico de Lorient (Breta\u00f1a francesa).\",\"breadcrumb\":{\"@id\":\"https:\/\/deiraband.com\/biografia\/#breadcrumb\"},\"inLanguage\":\"en-GB\",\"potentialAction\":[{\"@type\":\"ReadAction\",\"target\":[\"https:\/\/deiraband.com\/biografia\/\"]}]},{\"@type\":\"BreadcrumbList\",\"@id\":\"https:\/\/deiraband.com\/biografia\/#breadcrumb\",\"itemListElement\":[{\"@type\":\"ListItem\",\"position\":1,\"name\":\"Portada\",\"item\":\"https:\/\/deiraband.com\/\"},{\"@type\":\"ListItem\",\"position\":2,\"name\":\"Biograf\u00eda\"}]},{\"@type\":\"WebSite\",\"@id\":\"https:\/\/deiraband.com\/#website\",\"url\":\"https:\/\/deiraband.com\/\",\"name\":\"deiraband\",\"description\":\"El tr\u00edo formado por m\u00fasicos de Asturias y Andaluc\u00eda inicia su andadura en 2019\",\"publisher\":{\"@id\":\"https:\/\/deiraband.com\/#organization\"},\"alternateName\":\"deira\",\"potentialAction\":[{\"@type\":\"SearchAction\",\"target\":{\"@type\":\"EntryPoint\",\"urlTemplate\":\"https:\/\/deiraband.com\/?s={search_term_string}\"},\"query-input\":\"required name=search_term_string\"}],\"inLanguage\":\"en-GB\"},{\"@type\":\"Organization\",\"@id\":\"https:\/\/deiraband.com\/#organization\",\"name\":\"Deira\",\"url\":\"https:\/\/deiraband.com\/\",\"logo\":{\"@type\":\"ImageObject\",\"inLanguage\":\"en-GB\",\"@id\":\"https:\/\/deiraband.com\/#\/schema\/logo\/image\/\",\"url\":\"https:\/\/deiraband.com\/wp-content\/uploads\/2023\/11\/cropped-favicon-deiraband.jpg\",\"contentUrl\":\"https:\/\/deiraband.com\/wp-content\/uploads\/2023\/11\/cropped-favicon-deiraband.jpg\",\"width\":512,\"height\":512,\"caption\":\"Deira\"},\"image\":{\"@id\":\"https:\/\/deiraband.com\/#\/schema\/logo\/image\/\"},\"sameAs\":[\"https:\/\/www.facebook.com\/deiraband\/\",\"https:\/\/www.instagram.com\/deiraband\/\"]}]}<\/script>\n<!-- \/ Yoast SEO plugin. -->","yoast_head_json":{"title":"Biograf\u00eda | DEIRABAND","description":"El tr\u00edo formado por m\u00fasicos de Asturias y Andaluc\u00eda inicia su andadura en 2019 al ser requeridos como grupo residente en la carpa asturiana del Festival Interc\u00e9ltico de Lorient (Breta\u00f1a francesa).","robots":{"index":"index","follow":"follow","max-snippet":"max-snippet:-1","max-image-preview":"max-image-preview:large","max-video-preview":"max-video-preview:-1"},"canonical":"https:\/\/deiraband.com\/en\/biografia\/","og_locale":"en_GB","og_type":"article","og_title":"Biograf\u00eda | DEIRABAND","og_description":"El tr\u00edo formado por m\u00fasicos de Asturias y Andaluc\u00eda inicia su andadura en 2019 al ser requeridos como grupo residente en la carpa asturiana del Festival Interc\u00e9ltico de Lorient (Breta\u00f1a francesa).","og_url":"https:\/\/deiraband.com\/en\/biografia\/","article_publisher":"https:\/\/www.facebook.com\/deiraband\/","article_modified_time":"2023-12-01T06:34:04+00:00","og_image":[{"url":"https:\/\/deiraband.com\/wp-content\/uploads\/2023\/11\/portada-album-deiraband-4.jpg"}],"twitter_card":"summary_large_image","twitter_misc":{"Estimated reading time":"4 minutes"},"schema":{"@context":"https:\/\/schema.org","@graph":[{"@type":"WebPage","@id":"https:\/\/deiraband.com\/biografia\/","url":"https:\/\/deiraband.com\/biografia\/","name":"Biograf\u00eda | DEIRABAND","isPartOf":{"@id":"https:\/\/deiraband.com\/#website"},"datePublished":"2023-11-17T17:31:45+00:00","dateModified":"2023-12-01T06:34:04+00:00","description":"El tr\u00edo formado por m\u00fasicos de Asturias y Andaluc\u00eda inicia su andadura en 2019 al ser requeridos como grupo residente en la carpa asturiana del Festival Interc\u00e9ltico de Lorient (Breta\u00f1a francesa).","breadcrumb":{"@id":"https:\/\/deiraband.com\/biografia\/#breadcrumb"},"inLanguage":"en-GB","potentialAction":[{"@type":"ReadAction","target":["https:\/\/deiraband.com\/biografia\/"]}]},{"@type":"BreadcrumbList","@id":"https:\/\/deiraband.com\/biografia\/#breadcrumb","itemListElement":[{"@type":"ListItem","position":1,"name":"Portada","item":"https:\/\/deiraband.com\/"},{"@type":"ListItem","position":2,"name":"Biograf\u00eda"}]},{"@type":"WebSite","@id":"https:\/\/deiraband.com\/#website","url":"https:\/\/deiraband.com\/","name":"deiraband","description":"El tr\u00edo formado por m\u00fasicos de Asturias y Andaluc\u00eda inicia su andadura en 2019","publisher":{"@id":"https:\/\/deiraband.com\/#organization"},"alternateName":"deira","potentialAction":[{"@type":"SearchAction","target":{"@type":"EntryPoint","urlTemplate":"https:\/\/deiraband.com\/?s={search_term_string}"},"query-input":"required name=search_term_string"}],"inLanguage":"en-GB"},{"@type":"Organization","@id":"https:\/\/deiraband.com\/#organization","name":"Deira","url":"https:\/\/deiraband.com\/","logo":{"@type":"ImageObject","inLanguage":"en-GB","@id":"https:\/\/deiraband.com\/#\/schema\/logo\/image\/","url":"https:\/\/deiraband.com\/wp-content\/uploads\/2023\/11\/cropped-favicon-deiraband.jpg","contentUrl":"https:\/\/deiraband.com\/wp-content\/uploads\/2023\/11\/cropped-favicon-deiraband.jpg","width":512,"height":512,"caption":"Deira"},"image":{"@id":"https:\/\/deiraband.com\/#\/schema\/logo\/image\/"},"sameAs":["https:\/\/www.facebook.com\/deiraband\/","https:\/\/www.instagram.com\/deiraband\/"]}]}},"_links":{"self":[{"href":"https:\/\/deiraband.com\/en\/wp-json\/wp\/v2\/pages\/623","targetHints":{"allow":["GET"]}}],"collection":[{"href":"https:\/\/deiraband.com\/en\/wp-json\/wp\/v2\/pages"}],"about":[{"href":"https:\/\/deiraband.com\/en\/wp-json\/wp\/v2\/types\/page"}],"author":[{"embeddable":true,"href":"https:\/\/deiraband.com\/en\/wp-json\/wp\/v2\/users\/2"}],"replies":[{"embeddable":true,"href":"https:\/\/deiraband.com\/en\/wp-json\/wp\/v2\/comments?post=623"}],"version-history":[{"count":31,"href":"https:\/\/deiraband.com\/en\/wp-json\/wp\/v2\/pages\/623\/revisions"}],"predecessor-version":[{"id":1026,"href":"https:\/\/deiraband.com\/en\/wp-json\/wp\/v2\/pages\/623\/revisions\/1026"}],"wp:attachment":[{"href":"https:\/\/deiraband.com\/en\/wp-json\/wp\/v2\/media?parent=623"}],"curies":[{"name":"wp","href":"https:\/\/api.w.org\/{rel}","templated":true}]}}