{"id":630,"date":"2023-11-17T18:35:50","date_gmt":"2023-11-17T17:35:50","guid":{"rendered":"https:\/\/deiraband.com\/?page_id=630"},"modified":"2023-12-01T07:37:22","modified_gmt":"2023-12-01T06:37:22","slug":"descargas","status":"publish","type":"page","link":"https:\/\/deiraband.com\/en\/descargas\/","title":{"rendered":"DESCARGAS"},"content":{"rendered":"<div data-elementor-type=\"wp-page\" data-elementor-id=\"630\" class=\"elementor elementor-630\">\n\t\t\t\t\t\t\t\t\t<section class=\"elementor-section elementor-top-section elementor-element elementor-element-15e24d94 elementor-section-boxed elementor-section-height-default elementor-section-height-default\" data-id=\"15e24d94\" data-element_type=\"section\">\n\t\t\t\t\t\t<div class=\"elementor-container elementor-column-gap-default\">\n\t\t\t\t\t<div class=\"aux-parallax-section elementor-column elementor-col-100 elementor-top-column elementor-element elementor-element-4f02bd01\" data-id=\"4f02bd01\" data-element_type=\"column\">\n\t\t\t<div class=\"elementor-widget-wrap elementor-element-populated\">\n\t\t\t\t\t\t\t\t<div class=\"elementor-element elementor-element-ab07483 elementor-widget elementor-widget-heading\" data-id=\"ab07483\" data-element_type=\"widget\" data-widget_type=\"heading.default\">\n\t\t\t\t<div class=\"elementor-widget-container\">\n\t\t\t<h2 class=\"elementor-heading-title elementor-size-default\">DOWNLOADS<\/h2>\t\t<\/div>\n\t\t\t\t<\/div>\n\t\t\t\t\t<\/div>\n\t\t<\/div>\n\t\t\t\t\t\t\t<\/div>\n\t\t<\/section>\n\t\t\t\t<section class=\"elementor-section elementor-top-section elementor-element elementor-element-5cc71e39 elementor-section-boxed elementor-section-height-default elementor-section-height-default\" data-id=\"5cc71e39\" data-element_type=\"section\">\n\t\t\t\t\t\t<div class=\"elementor-container elementor-column-gap-default\">\n\t\t\t\t\t<div class=\"aux-parallax-section elementor-column elementor-col-33 elementor-top-column elementor-element elementor-element-defbcd7\" data-id=\"defbcd7\" data-element_type=\"column\">\n\t\t\t<div class=\"elementor-widget-wrap elementor-element-populated\">\n\t\t\t\t\t\t\t\t<div class=\"elementor-element elementor-element-1d6771c7 elementor-widget elementor-widget-image\" data-id=\"1d6771c7\" data-element_type=\"widget\" data-widget_type=\"image.default\">\n\t\t\t\t<div class=\"elementor-widget-container\">\n\t\t\t\t\t\t\t\t\t\t\t\t\t\t\t\t<a href=\"https:\/\/deiraband.bandcamp.com\/track\/alba\">\n\t\t\t\t\t\t\t<img loading=\"lazy\" decoding=\"async\" width=\"775\" height=\"775\" src=\"https:\/\/deiraband.com\/wp-content\/uploads\/2023\/11\/portada-album-deiraband-5.jpg\" class=\"attachment-large size-large wp-image-165\" alt=\"\" srcset=\"https:\/\/deiraband.com\/wp-content\/uploads\/2023\/11\/portada-album-deiraband-5.jpg 775w, https:\/\/deiraband.com\/wp-content\/uploads\/2023\/11\/portada-album-deiraband-5-300x300.jpg 300w, https:\/\/deiraband.com\/wp-content\/uploads\/2023\/11\/portada-album-deiraband-5-150x150.jpg 150w, https:\/\/deiraband.com\/wp-content\/uploads\/2023\/11\/portada-album-deiraband-5-768x768.jpg 768w, https:\/\/deiraband.com\/wp-content\/uploads\/2023\/11\/portada-album-deiraband-5-200x200.jpg 200w\" sizes=\"auto, (max-width: 775px) 100vw, 775px\" \/>\t\t\t\t\t\t\t\t<\/a>\n\t\t\t\t\t\t\t\t\t\t\t\t\t\t\t<\/div>\n\t\t\t\t<\/div>\n\t\t\t\t<div class=\"elementor-element elementor-element-27c1ef7 elementor-widget elementor-widget-image\" data-id=\"27c1ef7\" data-element_type=\"widget\" data-widget_type=\"image.default\">\n\t\t\t\t<div class=\"elementor-widget-container\">\n\t\t\t\t\t\t\t\t\t\t\t\t\t\t\t\t<a href=\"https:\/\/deiraband.bandcamp.com\/track\/alba\">\n\t\t\t\t\t\t\t<img loading=\"lazy\" decoding=\"async\" width=\"775\" height=\"775\" src=\"https:\/\/deiraband.com\/wp-content\/uploads\/2023\/11\/portada-album-deiraband-6.jpg\" class=\"attachment-large size-large wp-image-166\" alt=\"\" srcset=\"https:\/\/deiraband.com\/wp-content\/uploads\/2023\/11\/portada-album-deiraband-6.jpg 775w, https:\/\/deiraband.com\/wp-content\/uploads\/2023\/11\/portada-album-deiraband-6-300x300.jpg 300w, https:\/\/deiraband.com\/wp-content\/uploads\/2023\/11\/portada-album-deiraband-6-150x150.jpg 150w, https:\/\/deiraband.com\/wp-content\/uploads\/2023\/11\/portada-album-deiraband-6-768x768.jpg 768w, https:\/\/deiraband.com\/wp-content\/uploads\/2023\/11\/portada-album-deiraband-6-200x200.jpg 200w\" sizes=\"auto, (max-width: 775px) 100vw, 775px\" \/>\t\t\t\t\t\t\t\t<\/a>\n\t\t\t\t\t\t\t\t\t\t\t\t\t\t\t<\/div>\n\t\t\t\t<\/div>\n\t\t\t\t\t<\/div>\n\t\t<\/div>\n\t\t\t\t<div class=\"aux-parallax-section elementor-column elementor-col-33 elementor-top-column elementor-element elementor-element-16521f4d\" data-id=\"16521f4d\" data-element_type=\"column\">\n\t\t\t<div class=\"elementor-widget-wrap elementor-element-populated\">\n\t\t\t\t\t\t\t\t<div class=\"elementor-element elementor-element-55fca299 elementor-widget elementor-widget-image\" data-id=\"55fca299\" data-element_type=\"widget\" data-widget_type=\"image.default\">\n\t\t\t\t<div class=\"elementor-widget-container\">\n\t\t\t\t\t\t\t\t\t\t\t\t\t\t\t\t<a href=\"https:\/\/deiraband.bandcamp.com\/track\/alba\">\n\t\t\t\t\t\t\t<img loading=\"lazy\" decoding=\"async\" width=\"775\" height=\"775\" src=\"https:\/\/deiraband.com\/wp-content\/uploads\/2023\/11\/portada-album-deiraband-2.jpg\" class=\"attachment-large size-large wp-image-162\" alt=\"\" srcset=\"https:\/\/deiraband.com\/wp-content\/uploads\/2023\/11\/portada-album-deiraband-2.jpg 775w, https:\/\/deiraband.com\/wp-content\/uploads\/2023\/11\/portada-album-deiraband-2-300x300.jpg 300w, https:\/\/deiraband.com\/wp-content\/uploads\/2023\/11\/portada-album-deiraband-2-150x150.jpg 150w, https:\/\/deiraband.com\/wp-content\/uploads\/2023\/11\/portada-album-deiraband-2-768x768.jpg 768w, https:\/\/deiraband.com\/wp-content\/uploads\/2023\/11\/portada-album-deiraband-2-200x200.jpg 200w\" sizes=\"auto, (max-width: 775px) 100vw, 775px\" \/>\t\t\t\t\t\t\t\t<\/a>\n\t\t\t\t\t\t\t\t\t\t\t\t\t\t\t<\/div>\n\t\t\t\t<\/div>\n\t\t\t\t<div class=\"elementor-element elementor-element-981c8d2 elementor-widget elementor-widget-image\" data-id=\"981c8d2\" data-element_type=\"widget\" data-widget_type=\"image.default\">\n\t\t\t\t<div class=\"elementor-widget-container\">\n\t\t\t\t\t\t\t\t\t\t\t\t\t\t\t\t<a href=\"https:\/\/deiraband.bandcamp.com\/track\/alba\">\n\t\t\t\t\t\t\t<img loading=\"lazy\" decoding=\"async\" width=\"775\" height=\"775\" src=\"https:\/\/deiraband.com\/wp-content\/uploads\/2023\/11\/portada-album-deiraband-4.jpg\" class=\"attachment-large size-large wp-image-164\" alt=\"\" srcset=\"https:\/\/deiraband.com\/wp-content\/uploads\/2023\/11\/portada-album-deiraband-4.jpg 775w, https:\/\/deiraband.com\/wp-content\/uploads\/2023\/11\/portada-album-deiraband-4-300x300.jpg 300w, https:\/\/deiraband.com\/wp-content\/uploads\/2023\/11\/portada-album-deiraband-4-150x150.jpg 150w, https:\/\/deiraband.com\/wp-content\/uploads\/2023\/11\/portada-album-deiraband-4-768x768.jpg 768w, https:\/\/deiraband.com\/wp-content\/uploads\/2023\/11\/portada-album-deiraband-4-200x200.jpg 200w\" sizes=\"auto, (max-width: 775px) 100vw, 775px\" \/>\t\t\t\t\t\t\t\t<\/a>\n\t\t\t\t\t\t\t\t\t\t\t\t\t\t\t<\/div>\n\t\t\t\t<\/div>\n\t\t\t\t\t<\/div>\n\t\t<\/div>\n\t\t\t\t<div class=\"aux-parallax-section elementor-column elementor-col-33 elementor-top-column elementor-element elementor-element-6a89b48c\" data-id=\"6a89b48c\" data-element_type=\"column\">\n\t\t\t<div class=\"elementor-widget-wrap elementor-element-populated\">\n\t\t\t\t\t\t\t\t<div class=\"elementor-element elementor-element-51ce69c5 elementor-widget elementor-widget-image\" data-id=\"51ce69c5\" data-element_type=\"widget\" data-widget_type=\"image.default\">\n\t\t\t\t<div class=\"elementor-widget-container\">\n\t\t\t\t\t\t\t\t\t\t\t\t\t\t\t\t<a href=\"https:\/\/deiraband.bandcamp.com\/track\/alba\">\n\t\t\t\t\t\t\t<img loading=\"lazy\" decoding=\"async\" width=\"775\" height=\"775\" src=\"https:\/\/deiraband.com\/wp-content\/uploads\/2023\/11\/portada-album-deiraband-3.jpg\" class=\"attachment-large size-large wp-image-163\" alt=\"\" srcset=\"https:\/\/deiraband.com\/wp-content\/uploads\/2023\/11\/portada-album-deiraband-3.jpg 775w, https:\/\/deiraband.com\/wp-content\/uploads\/2023\/11\/portada-album-deiraband-3-300x300.jpg 300w, https:\/\/deiraband.com\/wp-content\/uploads\/2023\/11\/portada-album-deiraband-3-150x150.jpg 150w, https:\/\/deiraband.com\/wp-content\/uploads\/2023\/11\/portada-album-deiraband-3-768x768.jpg 768w, https:\/\/deiraband.com\/wp-content\/uploads\/2023\/11\/portada-album-deiraband-3-200x200.jpg 200w\" sizes=\"auto, (max-width: 775px) 100vw, 775px\" \/>\t\t\t\t\t\t\t\t<\/a>\n\t\t\t\t\t\t\t\t\t\t\t\t\t\t\t<\/div>\n\t\t\t\t<\/div>\n\t\t\t\t<div class=\"elementor-element elementor-element-7ab4fc7 elementor-widget elementor-widget-image\" data-id=\"7ab4fc7\" data-element_type=\"widget\" data-widget_type=\"image.default\">\n\t\t\t\t<div class=\"elementor-widget-container\">\n\t\t\t\t\t\t\t\t\t\t\t\t\t\t\t\t<a href=\"https:\/\/deiraband.bandcamp.com\/track\/alba\">\n\t\t\t\t\t\t\t<img loading=\"lazy\" decoding=\"async\" width=\"775\" height=\"775\" src=\"https:\/\/deiraband.com\/wp-content\/uploads\/2023\/11\/portada-album-deiraband.jpg\" class=\"attachment-large size-large wp-image-123\" alt=\"\" srcset=\"https:\/\/deiraband.com\/wp-content\/uploads\/2023\/11\/portada-album-deiraband.jpg 775w, https:\/\/deiraband.com\/wp-content\/uploads\/2023\/11\/portada-album-deiraband-300x300.jpg 300w, https:\/\/deiraband.com\/wp-content\/uploads\/2023\/11\/portada-album-deiraband-150x150.jpg 150w, https:\/\/deiraband.com\/wp-content\/uploads\/2023\/11\/portada-album-deiraband-768x768.jpg 768w, https:\/\/deiraband.com\/wp-content\/uploads\/2023\/11\/portada-album-deiraband-200x200.jpg 200w\" sizes=\"auto, (max-width: 775px) 100vw, 775px\" \/>\t\t\t\t\t\t\t\t<\/a>\n\t\t\t\t\t\t\t\t\t\t\t\t\t\t\t<\/div>\n\t\t\t\t<\/div>\n\t\t\t\t\t<\/div>\n\t\t<\/div>\n\t\t\t\t\t\t\t<\/div>\n\t\t<\/section>\n\t\t\t\t\t\t\t<\/div>","protected":false},"excerpt":{"rendered":"<p>DOWNLOADS<\/p>","protected":false},"author":2,"featured_media":0,"parent":0,"menu_order":0,"comment_status":"closed","ping_status":"closed","template":"","meta":{"footnotes":""},"class_list":["post-630","page","type-page","status-publish","hentry"],"yoast_head":"<!-- This site is optimized with the Yoast SEO plugin v21.6 - https:\/\/yoast.com\/wordpress\/plugins\/seo\/ -->\n<title>DESCARGAS | DEIRABAND<\/title>\n<meta name=\"description\" content=\"DEIRABAND Descargas. Aqu\u00ed puedes ver todo el media de la banda Deira. Como fotograf\u00edas, albumes y \u00falimos conciertos.\" \/>\n<meta name=\"robots\" content=\"index, follow, max-snippet:-1, max-image-preview:large, max-video-preview:-1\" \/>\n<link rel=\"canonical\" href=\"https:\/\/deiraband.com\/en\/descargas\/\" \/>\n<meta property=\"og:locale\" content=\"en_GB\" \/>\n<meta property=\"og:type\" content=\"article\" \/>\n<meta property=\"og:title\" content=\"DESCARGAS | DEIRABAND\" \/>\n<meta property=\"og:description\" content=\"DEIRABAND Descargas. Aqu\u00ed puedes ver todo el media de la banda Deira. Como fotograf\u00edas, albumes y \u00falimos conciertos.\" \/>\n<meta property=\"og:url\" content=\"https:\/\/deiraband.com\/en\/descargas\/\" \/>\n<meta property=\"article:publisher\" content=\"https:\/\/www.facebook.com\/deiraband\/\" \/>\n<meta property=\"article:modified_time\" content=\"2023-12-01T06:37:22+00:00\" \/>\n<meta property=\"og:image\" content=\"https:\/\/deiraband.com\/wp-content\/uploads\/2023\/11\/portada-album-deiraband-5.jpg\" \/>\n<meta name=\"twitter:card\" content=\"summary_large_image\" \/>\n<meta name=\"twitter:label1\" content=\"Estimated reading time\" \/>\n\t<meta name=\"twitter:data1\" content=\"2 minutes\" \/>\n<script type=\"application\/ld+json\" class=\"yoast-schema-graph\">{\"@context\":\"https:\/\/schema.org\",\"@graph\":[{\"@type\":\"WebPage\",\"@id\":\"https:\/\/deiraband.com\/descargas\/\",\"url\":\"https:\/\/deiraband.com\/descargas\/\",\"name\":\"DESCARGAS | DEIRABAND\",\"isPartOf\":{\"@id\":\"https:\/\/deiraband.com\/#website\"},\"datePublished\":\"2023-11-17T17:35:50+00:00\",\"dateModified\":\"2023-12-01T06:37:22+00:00\",\"description\":\"DEIRABAND Descargas. Aqu\u00ed puedes ver todo el media de la banda Deira. Como fotograf\u00edas, albumes y \u00falimos conciertos.\",\"breadcrumb\":{\"@id\":\"https:\/\/deiraband.com\/descargas\/#breadcrumb\"},\"inLanguage\":\"en-GB\",\"potentialAction\":[{\"@type\":\"ReadAction\",\"target\":[\"https:\/\/deiraband.com\/descargas\/\"]}]},{\"@type\":\"BreadcrumbList\",\"@id\":\"https:\/\/deiraband.com\/descargas\/#breadcrumb\",\"itemListElement\":[{\"@type\":\"ListItem\",\"position\":1,\"name\":\"Portada\",\"item\":\"https:\/\/deiraband.com\/\"},{\"@type\":\"ListItem\",\"position\":2,\"name\":\"DESCARGAS\"}]},{\"@type\":\"WebSite\",\"@id\":\"https:\/\/deiraband.com\/#website\",\"url\":\"https:\/\/deiraband.com\/\",\"name\":\"deiraband\",\"description\":\"El tr\u00edo formado por m\u00fasicos de Asturias y Andaluc\u00eda inicia su andadura en 2019\",\"publisher\":{\"@id\":\"https:\/\/deiraband.com\/#organization\"},\"alternateName\":\"deira\",\"potentialAction\":[{\"@type\":\"SearchAction\",\"target\":{\"@type\":\"EntryPoint\",\"urlTemplate\":\"https:\/\/deiraband.com\/?s={search_term_string}\"},\"query-input\":\"required name=search_term_string\"}],\"inLanguage\":\"en-GB\"},{\"@type\":\"Organization\",\"@id\":\"https:\/\/deiraband.com\/#organization\",\"name\":\"Deira\",\"url\":\"https:\/\/deiraband.com\/\",\"logo\":{\"@type\":\"ImageObject\",\"inLanguage\":\"en-GB\",\"@id\":\"https:\/\/deiraband.com\/#\/schema\/logo\/image\/\",\"url\":\"https:\/\/deiraband.com\/wp-content\/uploads\/2023\/11\/cropped-favicon-deiraband.jpg\",\"contentUrl\":\"https:\/\/deiraband.com\/wp-content\/uploads\/2023\/11\/cropped-favicon-deiraband.jpg\",\"width\":512,\"height\":512,\"caption\":\"Deira\"},\"image\":{\"@id\":\"https:\/\/deiraband.com\/#\/schema\/logo\/image\/\"},\"sameAs\":[\"https:\/\/www.facebook.com\/deiraband\/\",\"https:\/\/www.instagram.com\/deiraband\/\"]}]}<\/script>\n<!-- \/ Yoast SEO plugin. -->","yoast_head_json":{"title":"DESCARGAS | DEIRABAND","description":"DEIRABAND Descargas. Aqu\u00ed puedes ver todo el media de la banda Deira. Como fotograf\u00edas, albumes y \u00falimos conciertos.","robots":{"index":"index","follow":"follow","max-snippet":"max-snippet:-1","max-image-preview":"max-image-preview:large","max-video-preview":"max-video-preview:-1"},"canonical":"https:\/\/deiraband.com\/en\/descargas\/","og_locale":"en_GB","og_type":"article","og_title":"DESCARGAS | DEIRABAND","og_description":"DEIRABAND Descargas. Aqu\u00ed puedes ver todo el media de la banda Deira. Como fotograf\u00edas, albumes y \u00falimos conciertos.","og_url":"https:\/\/deiraband.com\/en\/descargas\/","article_publisher":"https:\/\/www.facebook.com\/deiraband\/","article_modified_time":"2023-12-01T06:37:22+00:00","og_image":[{"url":"https:\/\/deiraband.com\/wp-content\/uploads\/2023\/11\/portada-album-deiraband-5.jpg"}],"twitter_card":"summary_large_image","twitter_misc":{"Estimated reading time":"2 minutes"},"schema":{"@context":"https:\/\/schema.org","@graph":[{"@type":"WebPage","@id":"https:\/\/deiraband.com\/descargas\/","url":"https:\/\/deiraband.com\/descargas\/","name":"DESCARGAS | DEIRABAND","isPartOf":{"@id":"https:\/\/deiraband.com\/#website"},"datePublished":"2023-11-17T17:35:50+00:00","dateModified":"2023-12-01T06:37:22+00:00","description":"DEIRABAND Descargas. Aqu\u00ed puedes ver todo el media de la banda Deira. Como fotograf\u00edas, albumes y \u00falimos conciertos.","breadcrumb":{"@id":"https:\/\/deiraband.com\/descargas\/#breadcrumb"},"inLanguage":"en-GB","potentialAction":[{"@type":"ReadAction","target":["https:\/\/deiraband.com\/descargas\/"]}]},{"@type":"BreadcrumbList","@id":"https:\/\/deiraband.com\/descargas\/#breadcrumb","itemListElement":[{"@type":"ListItem","position":1,"name":"Portada","item":"https:\/\/deiraband.com\/"},{"@type":"ListItem","position":2,"name":"DESCARGAS"}]},{"@type":"WebSite","@id":"https:\/\/deiraband.com\/#website","url":"https:\/\/deiraband.com\/","name":"deiraband","description":"El tr\u00edo formado por m\u00fasicos de Asturias y Andaluc\u00eda inicia su andadura en 2019","publisher":{"@id":"https:\/\/deiraband.com\/#organization"},"alternateName":"deira","potentialAction":[{"@type":"SearchAction","target":{"@type":"EntryPoint","urlTemplate":"https:\/\/deiraband.com\/?s={search_term_string}"},"query-input":"required name=search_term_string"}],"inLanguage":"en-GB"},{"@type":"Organization","@id":"https:\/\/deiraband.com\/#organization","name":"Deira","url":"https:\/\/deiraband.com\/","logo":{"@type":"ImageObject","inLanguage":"en-GB","@id":"https:\/\/deiraband.com\/#\/schema\/logo\/image\/","url":"https:\/\/deiraband.com\/wp-content\/uploads\/2023\/11\/cropped-favicon-deiraband.jpg","contentUrl":"https:\/\/deiraband.com\/wp-content\/uploads\/2023\/11\/cropped-favicon-deiraband.jpg","width":512,"height":512,"caption":"Deira"},"image":{"@id":"https:\/\/deiraband.com\/#\/schema\/logo\/image\/"},"sameAs":["https:\/\/www.facebook.com\/deiraband\/","https:\/\/www.instagram.com\/deiraband\/"]}]}},"_links":{"self":[{"href":"https:\/\/deiraband.com\/en\/wp-json\/wp\/v2\/pages\/630","targetHints":{"allow":["GET"]}}],"collection":[{"href":"https:\/\/deiraband.com\/en\/wp-json\/wp\/v2\/pages"}],"about":[{"href":"https:\/\/deiraband.com\/en\/wp-json\/wp\/v2\/types\/page"}],"author":[{"embeddable":true,"href":"https:\/\/deiraband.com\/en\/wp-json\/wp\/v2\/users\/2"}],"replies":[{"embeddable":true,"href":"https:\/\/deiraband.com\/en\/wp-json\/wp\/v2\/comments?post=630"}],"version-history":[{"count":11,"href":"https:\/\/deiraband.com\/en\/wp-json\/wp\/v2\/pages\/630\/revisions"}],"predecessor-version":[{"id":1028,"href":"https:\/\/deiraband.com\/en\/wp-json\/wp\/v2\/pages\/630\/revisions\/1028"}],"wp:attachment":[{"href":"https:\/\/deiraband.com\/en\/wp-json\/wp\/v2\/media?parent=630"}],"curies":[{"name":"wp","href":"https:\/\/api.w.org\/{rel}","templated":true}]}}