{"id":77,"date":"2020-08-16T06:27:59","date_gmt":"2020-08-16T05:27:59","guid":{"rendered":"https:\/\/deiraband.com\/blog\/"},"modified":"2023-12-01T07:31:54","modified_gmt":"2023-12-01T06:31:54","slug":"noticias","status":"publish","type":"page","link":"https:\/\/deiraband.com\/en\/noticias\/","title":{"rendered":"News"},"content":{"rendered":"<div data-elementor-type=\"wp-page\" data-elementor-id=\"77\" class=\"elementor elementor-77\">\n\t\t\t\t\t\t\t\t\t<section class=\"elementor-section elementor-top-section elementor-element elementor-element-b367d37 elementor-section-boxed elementor-section-height-default elementor-section-height-default\" data-id=\"b367d37\" data-element_type=\"section\">\n\t\t\t\t\t\t<div class=\"elementor-container elementor-column-gap-default\">\n\t\t\t\t\t<div class=\"aux-parallax-section elementor-column elementor-col-100 elementor-top-column elementor-element elementor-element-985030f\" data-id=\"985030f\" data-element_type=\"column\">\n\t\t\t<div class=\"elementor-widget-wrap elementor-element-populated\">\n\t\t\t\t\t\t\t\t<div class=\"elementor-element elementor-element-8e1f802 elementor-widget elementor-widget-aux_breadcrumbs\" data-id=\"8e1f802\" data-element_type=\"widget\" data-widget_type=\"aux_breadcrumbs.default\">\n\t\t\t\t<div class=\"elementor-widget-container\">\n\t\t\t<div class=\"aux-elementor-breadcrumbs\"><p class=\"aux-breadcrumbs\"><span><span><a href=\"https:\/\/deiraband.com\/en\/\">Portada<\/a><\/span><\/span><\/p><\/div>\t\t<\/div>\n\t\t\t\t<\/div>\n\t\t\t\t<div class=\"elementor-element elementor-element-0226f63 aux-appear-watch-animation aux-fade-in-up elementor-widget elementor-widget-heading\" data-id=\"0226f63\" data-element_type=\"widget\" data-widget_type=\"heading.default\">\n\t\t\t\t<div class=\"elementor-widget-container\">\n\t\t\t<h2 class=\"elementor-heading-title elementor-size-default\">latest news<\/h2>\t\t<\/div>\n\t\t\t\t<\/div>\n\t\t\t\t<div class=\"elementor-element elementor-element-e9e4538 aux-appear-watch-animation aux-fade-in-up elementor-widget elementor-widget-aux_recent_posts\" data-id=\"e9e4538\" data-element_type=\"widget\" data-settings=\"{&quot;columns&quot;:&quot;3&quot;,&quot;columns_tablet&quot;:&quot;2&quot;,&quot;columns_mobile&quot;:&quot;1&quot;}\" data-widget_type=\"aux_recent_posts.default\">\n\t\t\t\t<div class=\"elementor-widget-container\">\n\t\t\t<section class=\"widget-container aux-widget-recent-posts aux-parent-aua75f5a2f\"><div data-element-id=\"aua75f5a2f\" class=\"aux-match-height aux-row aux-de-col3 aux-tb-col2 aux-mb-col1 aux-total-3 aux-no-meta aux-ajax-view\"><div class=\"aux-col post-78\">\n                        <article class=\"post column-entry post-78 type-post status-publish format-standard has-post-thumbnail hentry category-uncategorized\">\n                                                        <div class=\"entry-media\"><div class=\"aux-media-frame aux-media-image aux-image-mask\"><a href=\"https:\/\/deiraband.com\/en\/2022\/02\/03\/deira-glasgow-band-deiraband\/\"><img decoding=\"async\" src=\"https:\/\/deiraband.com\/wp-content\/uploads\/2022\/02\/deira-la-nueva-espana-637x478.jpg\" class=\"aux-attachment aux-featured-image attachment-636.66666666667x477.5 aux-attachment-id-342\" alt=\"deira-la-nueva-espan\u0303a\" srcset=\"https:\/\/deiraband.com\/wp-content\/uploads\/2022\/02\/deira-la-nueva-espana-150x113.jpg 150w,https:\/\/deiraband.com\/wp-content\/uploads\/2022\/02\/deira-la-nueva-espana-300x225.jpg 300w,https:\/\/deiraband.com\/wp-content\/uploads\/2022\/02\/deira-la-nueva-espana-768x576.jpg 768w,https:\/\/deiraband.com\/wp-content\/uploads\/2022\/02\/deira-la-nueva-espana-1024x768.jpg 1024w,https:\/\/deiraband.com\/wp-content\/uploads\/2022\/02\/deira-la-nueva-espana-637x478.jpg 637w,https:\/\/deiraband.com\/wp-content\/uploads\/2022\/02\/deira-la-nueva-espana-1344x1008.jpg 1344w\" data-ratio=\"1.33\" data-original-w=\"1354\" sizes=\"(max-width:479px) 480px,(max-width:767px) 768px,(max-width:1023px) 1024px,637px\" \/><\/a><\/div><\/div>\n                            \n                            <div class=\"entry-main\">\n                                                                                        \n                                <div class=\"entry-info\">\n                                                                    <div class=\"entry-date\">\n                                        <a href=\"https:\/\/deiraband.com\/en\/2022\/02\/03\/deira-glasgow-band-deiraband\/\">\n                                            <time datetime=\"2022-02-03T13:29:34+01:00\" title=\"2022-02-03T13:29:34+01:00\" >02\/03\/2022<\/time>\n                                        <\/a>\n                                    <\/div>\n                                                                                                                                                                                                        <\/div>\n                            \n                                <header class=\"entry-header\">\n                                \n                                    <h4 class=\"entry-title\">\n                                        <a href=\"https:\/\/deiraband.com\/en\/2022\/02\/03\/deira-glasgow-band-deiraband\/\">\n                                            The Asturian-Andalusian trio \u201cDeira\u201d, winner at the Celtic Connections festival in Glasgow                                        <\/a>\n                                    <\/h4>\n                                                                    <div class=\"entry-format\">\n                                        <a href=\"https:\/\/deiraband.com\/en\/2022\/02\/03\/deira-glasgow-band-deiraband\/\">\n                                            <div class=\"post-format format-\"> <\/div>\n                                        <\/a>\n                                    <\/div>\n                                <\/header>\n                            \n                                                            <div class=\"entry-content\">\n                                                                            <p>\r\n\r\nEl grupo es el primero de origen no escoc\u00e9s en alzarse con el  ...<\/p><div class=\"clear\"><\/div>                                <\/div>\n                                                        \n                            <\/div>\n\n                        <\/article>\n<\/div><div class=\"aux-col post-79\">\n                        <article class=\"post column-entry post-79 type-post status-publish format-standard has-post-thumbnail hentry category-uncategorized\">\n                                                        <div class=\"entry-media\"><div class=\"aux-media-frame aux-media-image aux-image-mask\"><a href=\"https:\/\/deiraband.com\/en\/2020\/08\/15\/deira-alba\/\"><img decoding=\"async\" src=\"https:\/\/deiraband.com\/wp-content\/uploads\/2020\/08\/deiraband-dariofolk-637x478.jpg\" class=\"aux-attachment aux-featured-image attachment-636.66666666667x477.5 aux-attachment-id-344\" alt=\"deiraband-dariofolk\" srcset=\"https:\/\/deiraband.com\/wp-content\/uploads\/2020\/08\/deiraband-dariofolk-150x113.jpg 150w,https:\/\/deiraband.com\/wp-content\/uploads\/2020\/08\/deiraband-dariofolk-300x225.jpg 300w,https:\/\/deiraband.com\/wp-content\/uploads\/2020\/08\/deiraband-dariofolk-768x576.jpg 768w,https:\/\/deiraband.com\/wp-content\/uploads\/2020\/08\/deiraband-dariofolk-1024x768.jpg 1024w,https:\/\/deiraband.com\/wp-content\/uploads\/2020\/08\/deiraband-dariofolk-637x478.jpg 637w,https:\/\/deiraband.com\/wp-content\/uploads\/2020\/08\/deiraband-dariofolk-1032x774.jpg 1032w\" data-ratio=\"1.33\" data-original-w=\"1042\" sizes=\"(max-width:479px) 480px,(max-width:767px) 768px,(max-width:1023px) 1024px,637px\" \/><\/a><\/div><\/div>\n                            \n                            <div class=\"entry-main\">\n                                                                                        \n                                <div class=\"entry-info\">\n                                                                    <div class=\"entry-date\">\n                                        <a href=\"https:\/\/deiraband.com\/en\/2020\/08\/15\/deira-alba\/\">\n                                            <time datetime=\"2020-08-15T13:28:17+01:00\" title=\"2020-08-15T13:28:17+01:00\" >08\/15\/2020<\/time>\n                                        <\/a>\n                                    <\/div>\n                                                                                                                                                                                                        <\/div>\n                            \n                                <header class=\"entry-header\">\n                                \n                                    <h4 class=\"entry-title\">\n                                        <a href=\"https:\/\/deiraband.com\/en\/2020\/08\/15\/deira-alba\/\">\n                                            The Deira trio releases their new album \u201cAlba\u201d                                        <\/a>\n                                    <\/h4>\n                                                                    <div class=\"entry-format\">\n                                        <a href=\"https:\/\/deiraband.com\/en\/2020\/08\/15\/deira-alba\/\">\n                                            <div class=\"post-format format-\"> <\/div>\n                                        <\/a>\n                                    <\/div>\n                                <\/header>\n                            \n                                                            <div class=\"entry-content\">\n                                                                            <p>Deira es un tr\u00edo de Folk Contempor\u00e1neo formado por m\u00fasicos de Astu ...<\/p><div class=\"clear\"><\/div>                                <\/div>\n                                                        \n                            <\/div>\n\n                        <\/article>\n<\/div><div class=\"aux-col post-80\">\n                        <article class=\"post column-entry post-80 type-post status-publish format-standard has-post-thumbnail hentry category-uncategorized\">\n                                                        <div class=\"entry-media\"><div class=\"aux-media-frame aux-media-image aux-image-mask\"><a href=\"https:\/\/deiraband.com\/en\/2020\/08\/15\/ganador-celtic-connections-winner\/\"><img decoding=\"async\" src=\"https:\/\/deiraband.com\/wp-content\/uploads\/2023\/11\/portada-album-deiraband-7-637x478.jpg\" class=\"aux-attachment aux-featured-image attachment-636.66666666667x477.5 aux-attachment-id-167\" alt=\"portada-album-deiraband-7\" srcset=\"https:\/\/deiraband.com\/wp-content\/uploads\/2023\/11\/portada-album-deiraband-7-150x113.jpg 150w,https:\/\/deiraband.com\/wp-content\/uploads\/2023\/11\/portada-album-deiraband-7-300x225.jpg 300w,https:\/\/deiraband.com\/wp-content\/uploads\/2023\/11\/portada-album-deiraband-7-768x576.jpg 768w,https:\/\/deiraband.com\/wp-content\/uploads\/2023\/11\/portada-album-deiraband-7-637x478.jpg 637w,https:\/\/deiraband.com\/wp-content\/uploads\/2023\/11\/portada-album-deiraband-7-765x573.jpg 765w\" data-ratio=\"1.33\" data-original-w=\"775\" sizes=\"(max-width:479px) 480px,(max-width:767px) 768px,(max-width:1023px) 1024px,637px\" \/><\/a><\/div><\/div>\n                            \n                            <div class=\"entry-main\">\n                                                                                        \n                                <div class=\"entry-info\">\n                                                                    <div class=\"entry-date\">\n                                        <a href=\"https:\/\/deiraband.com\/en\/2020\/08\/15\/ganador-celtic-connections-winner\/\">\n                                            <time datetime=\"2020-08-15T13:27:30+01:00\" title=\"2020-08-15T13:27:30+01:00\" >08\/15\/2020<\/time>\n                                        <\/a>\n                                    <\/div>\n                                                                                                                                                                                                        <\/div>\n                            \n                                <header class=\"entry-header\">\n                                \n                                    <h4 class=\"entry-title\">\n                                        <a href=\"https:\/\/deiraband.com\/en\/2020\/08\/15\/ganador-celtic-connections-winner\/\">\n                                            Winners at the Celtic Connections festival in Glasgow of The Battle Of Folk Bands competition                                        <\/a>\n                                    <\/h4>\n                                                                    <div class=\"entry-format\">\n                                        <a href=\"https:\/\/deiraband.com\/en\/2020\/08\/15\/ganador-celtic-connections-winner\/\">\n                                            <div class=\"post-format format-\"> <\/div>\n                                        <\/a>\n                                    <\/div>\n                                <\/header>\n                            \n                                                            <div class=\"entry-content\">\n                                                                            <p>Recientemente ganadores en el festival Celtic Connections de Glasg ...<\/p><div class=\"clear\"><\/div>                                <\/div>\n                                                        \n                            <\/div>\n\n                        <\/article>\n<\/div><\/div><\/section><!-- widget-container -->\t\t<\/div>\n\t\t\t\t<\/div>\n\t\t\t\t\t<\/div>\n\t\t<\/div>\n\t\t\t\t\t\t\t<\/div>\n\t\t<\/section>\n\t\t\t\t\t\t\t<\/div>","protected":false},"excerpt":{"rendered":"<p>Home latest news 15 Aug | Edit how to be the best DJ ever When, while the lovely valley teems with vapour around me, and th &#8230; 15 Aug | Edit Music can change lives When, while the lovely valley teems with vapour around me, and th &#8230; 15 Aug | Edit concert around Europe [&hellip;]<\/p>","protected":false},"author":1,"featured_media":0,"parent":0,"menu_order":0,"comment_status":"closed","ping_status":"closed","template":"templates\/page-builder-content.php","meta":{"footnotes":""},"class_list":["post-77","page","type-page","status-publish","hentry"],"yoast_head":"<!-- This site is optimized with the Yoast SEO plugin v21.6 - https:\/\/yoast.com\/wordpress\/plugins\/seo\/ -->\n<title>Noticias | DEIRABAND<\/title>\n<meta name=\"robots\" content=\"index, follow, max-snippet:-1, max-image-preview:large, max-video-preview:-1\" \/>\n<link rel=\"canonical\" href=\"https:\/\/deiraband.com\/en\/noticias\/\" \/>\n<meta property=\"og:locale\" content=\"en_GB\" \/>\n<meta property=\"og:type\" content=\"article\" \/>\n<meta property=\"og:title\" content=\"Noticias | DEIRABAND\" \/>\n<meta property=\"og:description\" content=\"Home latest news 15 Aug | Edit how to be the best DJ ever When, while the lovely valley teems with vapour around me, and th &#8230; 15 Aug | Edit Music can change lives When, while the lovely valley teems with vapour around me, and th &#8230; 15 Aug | Edit concert around Europe [&hellip;]\" \/>\n<meta property=\"og:url\" content=\"https:\/\/deiraband.com\/en\/noticias\/\" \/>\n<meta property=\"article:publisher\" content=\"https:\/\/www.facebook.com\/deiraband\/\" \/>\n<meta property=\"article:modified_time\" content=\"2023-12-01T06:31:54+00:00\" \/>\n<meta property=\"og:image\" content=\"https:\/\/demo.phlox.pro\/music-dj\/wp-content\/uploads\/sites\/214\/2020\/07\/adult-celebration-club-concert-1266760-637x478.jpg\" \/>\n<meta name=\"twitter:card\" content=\"summary_large_image\" \/>\n<meta name=\"twitter:label1\" content=\"Estimated reading time\" \/>\n\t<meta name=\"twitter:data1\" content=\"3 minutes\" \/>\n<script type=\"application\/ld+json\" class=\"yoast-schema-graph\">{\"@context\":\"https:\/\/schema.org\",\"@graph\":[{\"@type\":\"WebPage\",\"@id\":\"https:\/\/deiraband.com\/noticias\/\",\"url\":\"https:\/\/deiraband.com\/noticias\/\",\"name\":\"Noticias | DEIRABAND\",\"isPartOf\":{\"@id\":\"https:\/\/deiraband.com\/#website\"},\"datePublished\":\"2020-08-16T05:27:59+00:00\",\"dateModified\":\"2023-12-01T06:31:54+00:00\",\"breadcrumb\":{\"@id\":\"https:\/\/deiraband.com\/noticias\/#breadcrumb\"},\"inLanguage\":\"en-GB\",\"potentialAction\":[{\"@type\":\"ReadAction\",\"target\":[\"https:\/\/deiraband.com\/noticias\/\"]}]},{\"@type\":\"BreadcrumbList\",\"@id\":\"https:\/\/deiraband.com\/noticias\/#breadcrumb\",\"itemListElement\":[{\"@type\":\"ListItem\",\"position\":1,\"name\":\"Portada\",\"item\":\"https:\/\/deiraband.com\/\"},{\"@type\":\"ListItem\",\"position\":2,\"name\":\"Noticias\"}]},{\"@type\":\"WebSite\",\"@id\":\"https:\/\/deiraband.com\/#website\",\"url\":\"https:\/\/deiraband.com\/\",\"name\":\"deiraband\",\"description\":\"El tr\u00edo formado por m\u00fasicos de Asturias y Andaluc\u00eda inicia su andadura en 2019\",\"publisher\":{\"@id\":\"https:\/\/deiraband.com\/#organization\"},\"alternateName\":\"deira\",\"potentialAction\":[{\"@type\":\"SearchAction\",\"target\":{\"@type\":\"EntryPoint\",\"urlTemplate\":\"https:\/\/deiraband.com\/?s={search_term_string}\"},\"query-input\":\"required name=search_term_string\"}],\"inLanguage\":\"en-GB\"},{\"@type\":\"Organization\",\"@id\":\"https:\/\/deiraband.com\/#organization\",\"name\":\"Deira\",\"url\":\"https:\/\/deiraband.com\/\",\"logo\":{\"@type\":\"ImageObject\",\"inLanguage\":\"en-GB\",\"@id\":\"https:\/\/deiraband.com\/#\/schema\/logo\/image\/\",\"url\":\"https:\/\/deiraband.com\/wp-content\/uploads\/2023\/11\/cropped-favicon-deiraband.jpg\",\"contentUrl\":\"https:\/\/deiraband.com\/wp-content\/uploads\/2023\/11\/cropped-favicon-deiraband.jpg\",\"width\":512,\"height\":512,\"caption\":\"Deira\"},\"image\":{\"@id\":\"https:\/\/deiraband.com\/#\/schema\/logo\/image\/\"},\"sameAs\":[\"https:\/\/www.facebook.com\/deiraband\/\",\"https:\/\/www.instagram.com\/deiraband\/\"]}]}<\/script>\n<!-- \/ Yoast SEO plugin. -->","yoast_head_json":{"title":"Noticias | DEIRABAND","robots":{"index":"index","follow":"follow","max-snippet":"max-snippet:-1","max-image-preview":"max-image-preview:large","max-video-preview":"max-video-preview:-1"},"canonical":"https:\/\/deiraband.com\/en\/noticias\/","og_locale":"en_GB","og_type":"article","og_title":"Noticias | DEIRABAND","og_description":"Home latest news 15 Aug | Edit how to be the best DJ ever When, while the lovely valley teems with vapour around me, and th &#8230; 15 Aug | Edit Music can change lives When, while the lovely valley teems with vapour around me, and th &#8230; 15 Aug | Edit concert around Europe [&hellip;]","og_url":"https:\/\/deiraband.com\/en\/noticias\/","article_publisher":"https:\/\/www.facebook.com\/deiraband\/","article_modified_time":"2023-12-01T06:31:54+00:00","og_image":[{"url":"https:\/\/demo.phlox.pro\/music-dj\/wp-content\/uploads\/sites\/214\/2020\/07\/adult-celebration-club-concert-1266760-637x478.jpg"}],"twitter_card":"summary_large_image","twitter_misc":{"Estimated reading time":"3 minutes"},"schema":{"@context":"https:\/\/schema.org","@graph":[{"@type":"WebPage","@id":"https:\/\/deiraband.com\/noticias\/","url":"https:\/\/deiraband.com\/noticias\/","name":"Noticias | DEIRABAND","isPartOf":{"@id":"https:\/\/deiraband.com\/#website"},"datePublished":"2020-08-16T05:27:59+00:00","dateModified":"2023-12-01T06:31:54+00:00","breadcrumb":{"@id":"https:\/\/deiraband.com\/noticias\/#breadcrumb"},"inLanguage":"en-GB","potentialAction":[{"@type":"ReadAction","target":["https:\/\/deiraband.com\/noticias\/"]}]},{"@type":"BreadcrumbList","@id":"https:\/\/deiraband.com\/noticias\/#breadcrumb","itemListElement":[{"@type":"ListItem","position":1,"name":"Portada","item":"https:\/\/deiraband.com\/"},{"@type":"ListItem","position":2,"name":"Noticias"}]},{"@type":"WebSite","@id":"https:\/\/deiraband.com\/#website","url":"https:\/\/deiraband.com\/","name":"deiraband","description":"El tr\u00edo formado por m\u00fasicos de Asturias y Andaluc\u00eda inicia su andadura en 2019","publisher":{"@id":"https:\/\/deiraband.com\/#organization"},"alternateName":"deira","potentialAction":[{"@type":"SearchAction","target":{"@type":"EntryPoint","urlTemplate":"https:\/\/deiraband.com\/?s={search_term_string}"},"query-input":"required name=search_term_string"}],"inLanguage":"en-GB"},{"@type":"Organization","@id":"https:\/\/deiraband.com\/#organization","name":"Deira","url":"https:\/\/deiraband.com\/","logo":{"@type":"ImageObject","inLanguage":"en-GB","@id":"https:\/\/deiraband.com\/#\/schema\/logo\/image\/","url":"https:\/\/deiraband.com\/wp-content\/uploads\/2023\/11\/cropped-favicon-deiraband.jpg","contentUrl":"https:\/\/deiraband.com\/wp-content\/uploads\/2023\/11\/cropped-favicon-deiraband.jpg","width":512,"height":512,"caption":"Deira"},"image":{"@id":"https:\/\/deiraband.com\/#\/schema\/logo\/image\/"},"sameAs":["https:\/\/www.facebook.com\/deiraband\/","https:\/\/www.instagram.com\/deiraband\/"]}]}},"_links":{"self":[{"href":"https:\/\/deiraband.com\/en\/wp-json\/wp\/v2\/pages\/77","targetHints":{"allow":["GET"]}}],"collection":[{"href":"https:\/\/deiraband.com\/en\/wp-json\/wp\/v2\/pages"}],"about":[{"href":"https:\/\/deiraband.com\/en\/wp-json\/wp\/v2\/types\/page"}],"author":[{"embeddable":true,"href":"https:\/\/deiraband.com\/en\/wp-json\/wp\/v2\/users\/1"}],"replies":[{"embeddable":true,"href":"https:\/\/deiraband.com\/en\/wp-json\/wp\/v2\/comments?post=77"}],"version-history":[{"count":2,"href":"https:\/\/deiraband.com\/en\/wp-json\/wp\/v2\/pages\/77\/revisions"}],"predecessor-version":[{"id":1025,"href":"https:\/\/deiraband.com\/en\/wp-json\/wp\/v2\/pages\/77\/revisions\/1025"}],"wp:attachment":[{"href":"https:\/\/deiraband.com\/en\/wp-json\/wp\/v2\/media?parent=77"}],"curies":[{"name":"wp","href":"https:\/\/api.w.org\/{rel}","templated":true}]}}