{"id":93,"date":"2020-08-09T13:21:22","date_gmt":"2020-08-09T12:21:22","guid":{"rendered":"https:\/\/deiraband.com\/contact\/"},"modified":"2023-12-01T07:33:24","modified_gmt":"2023-12-01T06:33:24","slug":"contacto","status":"publish","type":"page","link":"https:\/\/deiraband.com\/en\/contacto\/","title":{"rendered":"Contact"},"content":{"rendered":"<div data-elementor-type=\"wp-page\" data-elementor-id=\"93\" class=\"elementor elementor-93\">\n\t\t\t\t\t\t\t\t\t<section class=\"elementor-section elementor-top-section elementor-element elementor-element-3fbcbc5 elementor-section-content-middle elementor-section-boxed elementor-section-height-default elementor-section-height-default\" data-id=\"3fbcbc5\" data-element_type=\"section\" data-settings=\"{&quot;animation&quot;:&quot;none&quot;}\">\n\t\t\t\t\t\t<div class=\"elementor-container elementor-column-gap-no\">\n\t\t\t\t\t<div class=\"aux-parallax-section elementor-column elementor-col-50 elementor-top-column elementor-element elementor-element-47cc1b7\" data-id=\"47cc1b7\" data-element_type=\"column\" data-settings=\"{&quot;animation&quot;:&quot;none&quot;}\">\n\t\t\t<div class=\"elementor-widget-wrap elementor-element-populated\">\n\t\t\t\t\t\t\t\t<div class=\"elementor-element elementor-element-91fbf2d elementor-hidden-tablet elementor-hidden-desktop elementor-widget elementor-widget-aux_icon_list\" data-id=\"91fbf2d\" data-element_type=\"widget\" data-widget_type=\"aux_icon_list.default\">\n\t\t\t\t<div class=\"elementor-widget-container\">\n\t\t\t<section class=\"widget-container aux-widget-icon-list aux-parent-aue76b8eea\" style=\"\" ><div class=\"widget-inner\"><div class=\"aux-widget-icon-list-inner\"><ul class=\"aux-icon-list-items aux-direction-horizontal\" ><li class=\"aux-icon-list-item aux-list-item-has-icon aux-icon-list-item-9b85cff elementor-repeater-item-9b85cff\" ><a class=\"aux-icon-list-link\" href=\"https:\/\/www.instagram.com\/deiraband\/\" ><span class=\"aux-icon-list-icon fab fa-instagram\" ><\/span><\/a><\/li><li class=\"aux-icon-list-item aux-list-item-has-icon aux-icon-list-item-8325dc3 elementor-repeater-item-8325dc3\" ><a class=\"aux-icon-list-link\" href=\"https:\/\/www.youtube.com\/channel\/UC9QCT5xBYnWz3vvDLjw7UMQ\" ><span class=\"aux-icon-list-icon fab fa-youtube\" ><\/span><\/a><\/li><li class=\"aux-icon-list-item aux-list-item-has-icon aux-icon-list-item-0519d3a elementor-repeater-item-0519d3a\" ><a class=\"aux-icon-list-link\" href=\"https:\/\/www.facebook.com\/deiraband\/\" ><span class=\"aux-icon-list-icon fab fa-facebook-f\" ><\/span><\/a><\/li><li class=\"aux-icon-list-item aux-list-item-has-icon aux-icon-list-item-8f893dd elementor-repeater-item-8f893dd\" ><a class=\"aux-icon-list-link\" href=\"https:\/\/wa.me\/34651058534\" ><span class=\"aux-icon-list-icon fab fa-whatsapp\" ><\/span><\/a><\/li><\/ul><\/div><\/div><\/section><!-- widget-container -->\t\t<\/div>\n\t\t\t\t<\/div>\n\t\t\t\t<div class=\"elementor-element elementor-element-b7a8035 aux-appear-watch-animation aux-slide-from-bot elementor-widget elementor-widget-aux_modern_heading\" data-id=\"b7a8035\" data-element_type=\"widget\" data-settings=\"{&quot;_animation&quot;:&quot;none&quot;}\" data-widget_type=\"aux_modern_heading.default\">\n\t\t\t\t<div class=\"elementor-widget-container\">\n\t\t\t<section class=\"aux-widget-modern-heading\">\n            <div class=\"aux-widget-inner\"><h3 class=\"aux-modern-heading-primary\">Contact<\/h3><\/div>\n        <\/section>\t\t<\/div>\n\t\t\t\t<\/div>\n\t\t\t\t<div class=\"elementor-element elementor-element-910d158 elementor-widget elementor-widget-aux_simple_svg\" data-id=\"910d158\" data-element_type=\"widget\" data-widget_type=\"aux_simple_svg.default\">\n\t\t\t\t<div class=\"elementor-widget-container\">\n\t\t\t    <div class=\"aux-widget-container aux-simple-svg-container\">\n        <div class=\"aux-widget-container-inner\">\n            <div class=\"aux-the-svg\"><img decoding=\"async\" src=\"https:\/\/deiraband.com\/wp-content\/uploads\/2020\/07\/Path-14.svg\" title=\"demo-attachment-16-Path-14\" alt=\"demo-attachment-16-Path-14\" loading=\"lazy\" \/><\/div>\n        <\/div>\n    <\/div>\n    \t\t<\/div>\n\t\t\t\t<\/div>\n\t\t\t\t<div class=\"elementor-element elementor-element-0ecdb73 elementor-widget elementor-widget-text-editor\" data-id=\"0ecdb73\" data-element_type=\"widget\" data-widget_type=\"text-editor.default\">\n\t\t\t\t<div class=\"elementor-widget-container\">\n\t\t\t\t\t\t\t<p><a href=\"mailto:info@deiraband.com\"><span style=\"font-weight: 400;\">info@deiraband.com<\/span><\/a><\/p>\t\t\t\t\t\t<\/div>\n\t\t\t\t<\/div>\n\t\t\t\t<div class=\"elementor-element elementor-element-64a2d78 elementor-hidden-tablet elementor-hidden-mobile elementor-widget elementor-widget-aux_icon_list\" data-id=\"64a2d78\" data-element_type=\"widget\" data-widget_type=\"aux_icon_list.default\">\n\t\t\t\t<div class=\"elementor-widget-container\">\n\t\t\t<section class=\"widget-container aux-widget-icon-list aux-parent-au6f834699\" style=\"\" ><div class=\"widget-inner\"><div class=\"aux-widget-icon-list-inner\"><ul class=\"aux-icon-list-items aux-direction-horizontal\" ><li class=\"aux-icon-list-item aux-list-item-has-icon aux-icon-list-item-9b85cff elementor-repeater-item-9b85cff\" ><a class=\"aux-icon-list-link\" href=\"https:\/\/www.instagram.com\/deiraband\/\" ><span class=\"aux-icon-list-icon fab fa-instagram\" ><\/span><\/a><\/li><li class=\"aux-icon-list-item aux-list-item-has-icon aux-icon-list-item-8325dc3 elementor-repeater-item-8325dc3\" ><a class=\"aux-icon-list-link\" href=\"https:\/\/www.youtube.com\/channel\/UC9QCT5xBYnWz3vvDLjw7UMQ\" ><span class=\"aux-icon-list-icon fab fa-youtube\" ><\/span><\/a><\/li><li class=\"aux-icon-list-item aux-list-item-has-icon aux-icon-list-item-0519d3a elementor-repeater-item-0519d3a\" ><a class=\"aux-icon-list-link\" href=\"https:\/\/www.facebook.com\/deiraband\/\" ><span class=\"aux-icon-list-icon fab fa-facebook-f\" ><\/span><\/a><\/li><li class=\"aux-icon-list-item aux-list-item-has-icon aux-icon-list-item-e12d034 elementor-repeater-item-e12d034\" ><a class=\"aux-icon-list-link\" href=\"https:\/\/wa.me\/34651058534\" ><span class=\"aux-icon-list-icon fab fa-whatsapp\" ><\/span><\/a><\/li><\/ul><\/div><\/div><\/section><!-- widget-container -->\t\t<\/div>\n\t\t\t\t<\/div>\n\t\t\t\t\t<\/div>\n\t\t<\/div>\n\t\t\t\t<div class=\"aux-parallax-section elementor-column elementor-col-50 elementor-top-column elementor-element elementor-element-31b7eb6\" data-id=\"31b7eb6\" data-element_type=\"column\" data-settings=\"{&quot;animation&quot;:&quot;none&quot;}\">\n\t\t\t<div class=\"elementor-widget-wrap elementor-element-populated\">\n\t\t\t\t\t\t\t\t<div class=\"elementor-element elementor-element-3f46774 aux-appear-watch-animation aux-fade-in-up-2 elementor-widget elementor-widget-aux_contact_form\" data-id=\"3f46774\" data-element_type=\"widget\" data-settings=\"{&quot;_animation&quot;:&quot;none&quot;}\" data-widget_type=\"aux_contact_form.default\">\n\t\t\t\t<div class=\"elementor-widget-container\">\n\t\t\t<section class=\"widget-container aux-widget-contact-form aux-parent-au784a1ad5\">            <div class=\"aux-col-wrapper aux-no-gutter\">\n            <!-- @TODO - The output for element here -->\n\n            \n<div class=\"wpcf7 no-js\" id=\"wpcf7-f302-o1\" lang=\"es-ES\" dir=\"ltr\">\n<div class=\"screen-reader-response\"><p role=\"status\" aria-live=\"polite\" aria-atomic=\"true\"><\/p> <ul><\/ul><\/div>\n<form action=\"\/en\/wp-json\/wp\/v2\/pages\/93#wpcf7-f302-o1\" method=\"post\" class=\"wpcf7-form init\" aria-label=\"Formulario de contacto\" novalidate=\"novalidate\" data-status=\"init\" data-trp-original-action=\"\/en\/wp-json\/wp\/v2\/pages\/93#wpcf7-f302-o1\">\n<div style=\"display: none;\">\n<input type=\"hidden\" name=\"_wpcf7\" value=\"302\" \/>\n<input type=\"hidden\" name=\"_wpcf7_version\" value=\"5.8.3\" \/>\n<input type=\"hidden\" name=\"_wpcf7_locale\" value=\"es_ES\" \/>\n<input type=\"hidden\" name=\"_wpcf7_unit_tag\" value=\"wpcf7-f302-o1\" \/>\n<input type=\"hidden\" name=\"_wpcf7_container_post\" value=\"0\" \/>\n<input type=\"hidden\" name=\"_wpcf7_posted_data_hash\" value=\"\" \/>\n<\/div>\n<p><label> Name<br \/>\n<span class=\"wpcf7-form-control-wrap\" data-name=\"your-name\"><input size=\"40\" class=\"wpcf7-form-control wpcf7-text wpcf7-validates-as-required\" autocomplete=\"name\" aria-required=\"true\" aria-invalid=\"false\" value=\"\" type=\"text\" name=\"your-name\" \/><\/span> <\/label>\n<\/p>\n<p><label> Mail<br \/>\n<span class=\"wpcf7-form-control-wrap\" data-name=\"your-email\"><input size=\"40\" class=\"wpcf7-form-control wpcf7-email wpcf7-validates-as-required wpcf7-text wpcf7-validates-as-email\" autocomplete=\"email\" aria-required=\"true\" aria-invalid=\"false\" value=\"\" type=\"email\" name=\"your-email\" \/><\/span> <\/label>\n<\/p>\n<p><label> Your Text<br \/>\n<span class=\"wpcf7-form-control-wrap\" data-name=\"your-subject\"><input size=\"40\" class=\"wpcf7-form-control wpcf7-text wpcf7-validates-as-required\" aria-required=\"true\" aria-invalid=\"false\" value=\"\" type=\"text\" name=\"your-subject\" \/><\/span> <\/label>\n<\/p>\n<p><span class=\"wpcf7-form-control-wrap\" data-name=\"acceptance-432\"><span class=\"wpcf7-form-control wpcf7-acceptance\"><span class=\"wpcf7-list-item\"><label><input type=\"checkbox\" name=\"acceptance-432\" value=\"1\" class=\"protecciondatos\" id=\"protecciondatos\" aria-invalid=\"false\" \/><span class=\"wpcf7-list-item-label\">I accept the data protection law<\/span><\/label><\/span><\/span><\/span>\n<\/p>\n<p><input class=\"wpcf7-form-control wpcf7-submit has-spinner\" type=\"submit\" value=\"Enviar\" \/>\n<\/p><div class=\"wpcf7-response-output\" aria-hidden=\"true\"><\/div>\n<input type=\"hidden\" name=\"trp-form-language\" value=\"en\"\/><\/form>\n<\/div>\n\n\n            <\/div><!-- aux-col-wrapper -->\n    <\/section><!-- widget-container -->\t\t<\/div>\n\t\t\t\t<\/div>\n\t\t\t\t\t<\/div>\n\t\t<\/div>\n\t\t\t\t\t\t\t<\/div>\n\t\t<\/section>\n\t\t\t\t<section class=\"elementor-section elementor-top-section elementor-element elementor-element-4c643ca elementor-section-boxed elementor-section-height-default elementor-section-height-default\" data-id=\"4c643ca\" data-element_type=\"section\">\n\t\t\t\t\t\t<div class=\"elementor-container elementor-column-gap-default\">\n\t\t\t\t\t<div class=\"aux-parallax-section elementor-column elementor-col-100 elementor-top-column elementor-element elementor-element-59a7e10\" data-id=\"59a7e10\" data-element_type=\"column\">\n\t\t\t<div class=\"elementor-widget-wrap\">\n\t\t\t\t\t\t\t\t\t<\/div>\n\t\t<\/div>\n\t\t\t\t\t\t\t<\/div>\n\t\t<\/section>\n\t\t\t\t\t\t\t<\/div>","protected":false},"excerpt":{"rendered":"<p>Contacto info@deiraband.com Tu nombre Tu correo electr\u00f3nico Asunto Acepto la ley de protecci\u00f3n de datos<\/p>","protected":false},"author":1,"featured_media":0,"parent":0,"menu_order":0,"comment_status":"closed","ping_status":"closed","template":"templates\/page-builder-content.php","meta":{"footnotes":""},"class_list":["post-93","page","type-page","status-publish","hentry"],"yoast_head":"<!-- This site is optimized with the Yoast SEO plugin v21.6 - https:\/\/yoast.com\/wordpress\/plugins\/seo\/ -->\n<title>Contacto | DEIRABAND<\/title>\n<meta name=\"description\" content=\"DEIRABAND contacto info@deiraband.com\" \/>\n<meta name=\"robots\" content=\"index, follow, max-snippet:-1, max-image-preview:large, max-video-preview:-1\" \/>\n<link rel=\"canonical\" href=\"https:\/\/deiraband.com\/en\/contacto\/\" \/>\n<meta property=\"og:locale\" content=\"en_GB\" \/>\n<meta property=\"og:type\" content=\"article\" \/>\n<meta property=\"og:title\" content=\"Contacto | DEIRABAND\" \/>\n<meta property=\"og:description\" content=\"DEIRABAND contacto info@deiraband.com\" \/>\n<meta property=\"og:url\" content=\"https:\/\/deiraband.com\/en\/contacto\/\" \/>\n<meta property=\"article:publisher\" content=\"https:\/\/www.facebook.com\/deiraband\/\" \/>\n<meta property=\"article:modified_time\" content=\"2023-12-01T06:33:24+00:00\" \/>\n<meta property=\"og:image\" content=\"https:\/\/deiraband.com\/wp-content\/uploads\/2020\/07\/Path-14.svg\" \/>\n<meta name=\"twitter:card\" content=\"summary_large_image\" \/>\n<meta name=\"twitter:label1\" content=\"Estimated reading time\" \/>\n\t<meta name=\"twitter:data1\" content=\"1 minute\" \/>\n<script type=\"application\/ld+json\" class=\"yoast-schema-graph\">{\"@context\":\"https:\/\/schema.org\",\"@graph\":[{\"@type\":\"WebPage\",\"@id\":\"https:\/\/deiraband.com\/contacto\/\",\"url\":\"https:\/\/deiraband.com\/contacto\/\",\"name\":\"Contacto | DEIRABAND\",\"isPartOf\":{\"@id\":\"https:\/\/deiraband.com\/#website\"},\"datePublished\":\"2020-08-09T12:21:22+00:00\",\"dateModified\":\"2023-12-01T06:33:24+00:00\",\"description\":\"DEIRABAND contacto info@deiraband.com\",\"breadcrumb\":{\"@id\":\"https:\/\/deiraband.com\/contacto\/#breadcrumb\"},\"inLanguage\":\"en-GB\",\"potentialAction\":[{\"@type\":\"ReadAction\",\"target\":[\"https:\/\/deiraband.com\/contacto\/\"]}]},{\"@type\":\"BreadcrumbList\",\"@id\":\"https:\/\/deiraband.com\/contacto\/#breadcrumb\",\"itemListElement\":[{\"@type\":\"ListItem\",\"position\":1,\"name\":\"Portada\",\"item\":\"https:\/\/deiraband.com\/\"},{\"@type\":\"ListItem\",\"position\":2,\"name\":\"Contacto\"}]},{\"@type\":\"WebSite\",\"@id\":\"https:\/\/deiraband.com\/#website\",\"url\":\"https:\/\/deiraband.com\/\",\"name\":\"deiraband\",\"description\":\"El tr\u00edo formado por m\u00fasicos de Asturias y Andaluc\u00eda inicia su andadura en 2019\",\"publisher\":{\"@id\":\"https:\/\/deiraband.com\/#organization\"},\"alternateName\":\"deira\",\"potentialAction\":[{\"@type\":\"SearchAction\",\"target\":{\"@type\":\"EntryPoint\",\"urlTemplate\":\"https:\/\/deiraband.com\/?s={search_term_string}\"},\"query-input\":\"required name=search_term_string\"}],\"inLanguage\":\"en-GB\"},{\"@type\":\"Organization\",\"@id\":\"https:\/\/deiraband.com\/#organization\",\"name\":\"Deira\",\"url\":\"https:\/\/deiraband.com\/\",\"logo\":{\"@type\":\"ImageObject\",\"inLanguage\":\"en-GB\",\"@id\":\"https:\/\/deiraband.com\/#\/schema\/logo\/image\/\",\"url\":\"https:\/\/deiraband.com\/wp-content\/uploads\/2023\/11\/cropped-favicon-deiraband.jpg\",\"contentUrl\":\"https:\/\/deiraband.com\/wp-content\/uploads\/2023\/11\/cropped-favicon-deiraband.jpg\",\"width\":512,\"height\":512,\"caption\":\"Deira\"},\"image\":{\"@id\":\"https:\/\/deiraband.com\/#\/schema\/logo\/image\/\"},\"sameAs\":[\"https:\/\/www.facebook.com\/deiraband\/\",\"https:\/\/www.instagram.com\/deiraband\/\"]}]}<\/script>\n<!-- \/ Yoast SEO plugin. -->","yoast_head_json":{"title":"Contacto | DEIRABAND","description":"DEIRABAND contacto info@deiraband.com","robots":{"index":"index","follow":"follow","max-snippet":"max-snippet:-1","max-image-preview":"max-image-preview:large","max-video-preview":"max-video-preview:-1"},"canonical":"https:\/\/deiraband.com\/en\/contacto\/","og_locale":"en_GB","og_type":"article","og_title":"Contacto | DEIRABAND","og_description":"DEIRABAND contacto info@deiraband.com","og_url":"https:\/\/deiraband.com\/en\/contacto\/","article_publisher":"https:\/\/www.facebook.com\/deiraband\/","article_modified_time":"2023-12-01T06:33:24+00:00","og_image":[{"url":"https:\/\/deiraband.com\/wp-content\/uploads\/2020\/07\/Path-14.svg"}],"twitter_card":"summary_large_image","twitter_misc":{"Estimated reading time":"1 minute"},"schema":{"@context":"https:\/\/schema.org","@graph":[{"@type":"WebPage","@id":"https:\/\/deiraband.com\/contacto\/","url":"https:\/\/deiraband.com\/contacto\/","name":"Contacto | DEIRABAND","isPartOf":{"@id":"https:\/\/deiraband.com\/#website"},"datePublished":"2020-08-09T12:21:22+00:00","dateModified":"2023-12-01T06:33:24+00:00","description":"DEIRABAND contacto info@deiraband.com","breadcrumb":{"@id":"https:\/\/deiraband.com\/contacto\/#breadcrumb"},"inLanguage":"en-GB","potentialAction":[{"@type":"ReadAction","target":["https:\/\/deiraband.com\/contacto\/"]}]},{"@type":"BreadcrumbList","@id":"https:\/\/deiraband.com\/contacto\/#breadcrumb","itemListElement":[{"@type":"ListItem","position":1,"name":"Portada","item":"https:\/\/deiraband.com\/"},{"@type":"ListItem","position":2,"name":"Contacto"}]},{"@type":"WebSite","@id":"https:\/\/deiraband.com\/#website","url":"https:\/\/deiraband.com\/","name":"deiraband","description":"El tr\u00edo formado por m\u00fasicos de Asturias y Andaluc\u00eda inicia su andadura en 2019","publisher":{"@id":"https:\/\/deiraband.com\/#organization"},"alternateName":"deira","potentialAction":[{"@type":"SearchAction","target":{"@type":"EntryPoint","urlTemplate":"https:\/\/deiraband.com\/?s={search_term_string}"},"query-input":"required name=search_term_string"}],"inLanguage":"en-GB"},{"@type":"Organization","@id":"https:\/\/deiraband.com\/#organization","name":"Deira","url":"https:\/\/deiraband.com\/","logo":{"@type":"ImageObject","inLanguage":"en-GB","@id":"https:\/\/deiraband.com\/#\/schema\/logo\/image\/","url":"https:\/\/deiraband.com\/wp-content\/uploads\/2023\/11\/cropped-favicon-deiraband.jpg","contentUrl":"https:\/\/deiraband.com\/wp-content\/uploads\/2023\/11\/cropped-favicon-deiraband.jpg","width":512,"height":512,"caption":"Deira"},"image":{"@id":"https:\/\/deiraband.com\/#\/schema\/logo\/image\/"},"sameAs":["https:\/\/www.facebook.com\/deiraband\/","https:\/\/www.instagram.com\/deiraband\/"]}]}},"_links":{"self":[{"href":"https:\/\/deiraband.com\/en\/wp-json\/wp\/v2\/pages\/93","targetHints":{"allow":["GET"]}}],"collection":[{"href":"https:\/\/deiraband.com\/en\/wp-json\/wp\/v2\/pages"}],"about":[{"href":"https:\/\/deiraband.com\/en\/wp-json\/wp\/v2\/types\/page"}],"author":[{"embeddable":true,"href":"https:\/\/deiraband.com\/en\/wp-json\/wp\/v2\/users\/1"}],"replies":[{"embeddable":true,"href":"https:\/\/deiraband.com\/en\/wp-json\/wp\/v2\/comments?post=93"}],"version-history":[{"count":48,"href":"https:\/\/deiraband.com\/en\/wp-json\/wp\/v2\/pages\/93\/revisions"}],"predecessor-version":[{"id":967,"href":"https:\/\/deiraband.com\/en\/wp-json\/wp\/v2\/pages\/93\/revisions\/967"}],"wp:attachment":[{"href":"https:\/\/deiraband.com\/en\/wp-json\/wp\/v2\/media?parent=93"}],"curies":[{"name":"wp","href":"https:\/\/api.w.org\/{rel}","templated":true}]}}